{"id":872,"date":"2024-06-29T20:34:32","date_gmt":"2024-06-29T18:34:32","guid":{"rendered":"https:\/\/narieletart.com\/?post_type=product&#038;p=872"},"modified":"2026-03-30T11:20:52","modified_gmt":"2026-03-30T09:20:52","slug":"magic-potions-amortentia-keychain-llavero-acrilico","status":"publish","type":"product","link":"https:\/\/narieletart.com\/en\/product\/magic-potions-amortentia-keychain-llavero-acrilico\/","title":{"rendered":"Magic potions: Amortentia keychain"},"content":{"rendered":"<p>Llavero poci\u00f3n m\u00e1gica. Poci\u00f3n de Amortentia: amor en un vial. Inspirado en los libros de Harry Potter.<\/p>\n<p>Para proteger el dise\u00f1o se a\u00f1ade una capa de resina de dos componentes, quedando una capa con efecto gofrado, brillante y completamente s\u00f3lida sobre el dise\u00f1o.<\/p>\n<p>Alto: 6 cent\u00edmetros.<\/p>\n<p>El charm que acompa\u00f1a al dise\u00f1o es totalmente aleatorio.<\/p>\n<p><img alt=\"amortentia,poci\u00f3n,llavero con forma de poci\u00f3n\" fetchpriority=\"high\" decoding=\"async\" class=\"alignnone size-medium wp-image-867\" src=\"https:\/\/narieletart.com\/wp-content\/uploads\/2024\/06\/charms-500x500.jpg\" width=\"500\" height=\"500\" srcset=\"https:\/\/narieletart.com\/wp-content\/uploads\/2024\/06\/charms-500x500.jpg 500w, https:\/\/narieletart.com\/wp-content\/uploads\/2024\/06\/charms-400x400.jpg 400w, https:\/\/narieletart.com\/wp-content\/uploads\/2024\/06\/charms-100x100.jpg 100w, https:\/\/narieletart.com\/wp-content\/uploads\/2024\/06\/charms-64x64.jpg 64w, https:\/\/narieletart.com\/wp-content\/uploads\/2024\/06\/charms-150x150.jpg 150w, https:\/\/narieletart.com\/wp-content\/uploads\/2024\/06\/charms-12x12.jpg 12w, https:\/\/narieletart.com\/wp-content\/uploads\/2024\/06\/charms.jpg 508w\" sizes=\"(max-width: 500px) 100vw, 500px\" \/><\/p>\n<p>El color puede variar de una pantalla a otra.<\/p>","protected":false},"excerpt":{"rendered":"<p>Llavero poci\u00f3n m\u00e1gica. Poci\u00f3n Amortentia. Inspirado en los libros de Harry Potter.<\/p>\n<p>Alto: 6 cent\u00edmetros.<\/p>","protected":false},"featured_media":875,"comment_status":"open","ping_status":"closed","template":"","meta":{"_seopress_robots_primary_cat":"none","_seopress_titles_title":"%%post_title%% %%sep%% %%sitetitle%%","_seopress_titles_desc":"Llavero con poci\u00f3n m\u00e1gica. Poci\u00f3n de amor: Amortentia. Inspirado en los libros de Harry Potter.","_seopress_robots_index":"","site-sidebar-layout":"default","site-content-layout":"","ast-site-content-layout":"default","site-content-style":"default","site-sidebar-style":"default","ast-global-header-display":"","ast-banner-title-visibility":"","ast-main-header-display":"","ast-hfb-above-header-display":"","ast-hfb-below-header-display":"","ast-hfb-mobile-header-display":"","site-post-title":"","ast-breadcrumbs-content":"","ast-featured-img":"","footer-sml-layout":"","ast-disable-related-posts":"","theme-transparent-header-meta":"default","adv-header-id-meta":"","stick-header-meta":"","header-above-stick-meta":"","header-main-stick-meta":"","header-below-stick-meta":"","astra-migrate-meta-layouts":"set","ast-page-background-enabled":"default","ast-page-background-meta":{"desktop":{"background-color":"var(--ast-global-color-4)","background-image":"","background-repeat":"repeat","background-position":"center center","background-size":"auto","background-attachment":"scroll","background-type":"","background-media":"","overlay-type":"","overlay-color":"","overlay-opacity":"","overlay-gradient":""},"tablet":{"background-color":"","background-image":"","background-repeat":"repeat","background-position":"center center","background-size":"auto","background-attachment":"scroll","background-type":"","background-media":"","overlay-type":"","overlay-color":"","overlay-opacity":"","overlay-gradient":""},"mobile":{"background-color":"","background-image":"","background-repeat":"repeat","background-position":"center center","background-size":"auto","background-attachment":"scroll","background-type":"","background-media":"","overlay-type":"","overlay-color":"","overlay-opacity":"","overlay-gradient":""}},"ast-content-background-meta":{"desktop":{"background-color":"var(--ast-global-color-5)","background-image":"","background-repeat":"repeat","background-position":"center center","background-size":"auto","background-attachment":"scroll","background-type":"","background-media":"","overlay-type":"","overlay-color":"","overlay-opacity":"","overlay-gradient":""},"tablet":{"background-color":"var(--ast-global-color-5)","background-image":"","background-repeat":"repeat","background-position":"center center","background-size":"auto","background-attachment":"scroll","background-type":"","background-media":"","overlay-type":"","overlay-color":"","overlay-opacity":"","overlay-gradient":""},"mobile":{"background-color":"var(--ast-global-color-5)","background-image":"","background-repeat":"repeat","background-position":"center center","background-size":"auto","background-attachment":"scroll","background-type":"","background-media":"","overlay-type":"","overlay-color":"","overlay-opacity":"","overlay-gradient":""}}},"product_brand":[],"product_cat":[26],"product_tag":[129,67,94,57,56,90],"class_list":{"0":"post-872","1":"product","2":"type-product","3":"status-publish","4":"has-post-thumbnail","6":"product_cat-keychains","7":"product_tag-amortentia","8":"product_tag-cute","9":"product_tag-keychain","10":"product_tag-magic","11":"product_tag-potions","12":"product_tag-tattoo","13":"desktop-align-center","14":"tablet-align-left","15":"mobile-align-left","17":"first","18":"outofstock","19":"taxable","20":"shipping-taxable","21":"purchasable","22":"product-type-simple"},"_links":{"self":[{"href":"https:\/\/narieletart.com\/en\/wp-json\/wp\/v2\/product\/872","targetHints":{"allow":["GET"]}}],"collection":[{"href":"https:\/\/narieletart.com\/en\/wp-json\/wp\/v2\/product"}],"about":[{"href":"https:\/\/narieletart.com\/en\/wp-json\/wp\/v2\/types\/product"}],"replies":[{"embeddable":true,"href":"https:\/\/narieletart.com\/en\/wp-json\/wp\/v2\/comments?post=872"}],"version-history":[{"count":0,"href":"https:\/\/narieletart.com\/en\/wp-json\/wp\/v2\/product\/872\/revisions"}],"wp:featuredmedia":[{"embeddable":true,"href":"https:\/\/narieletart.com\/en\/wp-json\/wp\/v2\/media\/875"}],"wp:attachment":[{"href":"https:\/\/narieletart.com\/en\/wp-json\/wp\/v2\/media?parent=872"}],"wp:term":[{"taxonomy":"product_brand","embeddable":true,"href":"https:\/\/narieletart.com\/en\/wp-json\/wp\/v2\/product_brand?post=872"},{"taxonomy":"product_cat","embeddable":true,"href":"https:\/\/narieletart.com\/en\/wp-json\/wp\/v2\/product_cat?post=872"},{"taxonomy":"product_tag","embeddable":true,"href":"https:\/\/narieletart.com\/en\/wp-json\/wp\/v2\/product_tag?post=872"}],"curies":[{"name":"wp","href":"https:\/\/api.w.org\/{rel}","templated":true}]}}