{"id":713,"date":"2024-06-29T13:27:03","date_gmt":"2024-06-29T11:27:03","guid":{"rendered":"https:\/\/narieletart.com\/product\/black-moonlight-dragonfly-patter-swimsuite\/"},"modified":"2026-03-30T11:20:27","modified_gmt":"2026-03-30T09:20:27","slug":"black-moonlight-dragonfly-patter-swimsuite","status":"publish","type":"product","link":"https:\/\/narieletart.com\/en\/product\/black-moonlight-dragonfly-patter-swimsuite\/","title":{"rendered":"Black moonlight dragonfly patter swimsuite"},"content":{"rendered":"<p>Este traje de ba\u00f1o de una pieza para todas las figuras resaltar\u00e1 tus mejores rasgos. Disfruta de la tela suave y el dise\u00f1o favorecedor, \u00a1y l\u00facelo en el mar o en la piscina!<\/p>\n<p><strong>LEER ANTES DE COMPRAR<\/strong><br \/>\nProducto de impresi\u00f3n bajo demanda. Este producto se fabrica especialmente para ti tan pronto como realizas un pedido, por eso nos lleva un poco m\u00e1s de tiempo entreg\u00e1rtelo. Fabricar productos bajo demanda en lugar de al por mayor ayuda a reducir la sobreproducci\u00f3n, as\u00ed que gracias por tomar decisiones de compra bien pensadas.<\/p>\n<p>\u2022 82 % poli\u00e9ster, 18 % elastano<br \/>\n\u2022 Peso de la tela: 6,78 oz\/yd\u00b2 (230 g\/m\u00b2), el peso puede variar en un 5 %<br \/>\n\u2022 Tela resistente al cloro<br \/>\n\u2022 Corte atrevido con escote redondo y espalda baja<br \/>\n\u2022 Costuras en zigzag<br \/>\n\u2022 Parte delantera de doble capa<br \/>\n\u2022 El material el\u00e1stico en cuatro direcciones se estira y recupera en los hilos transversales y longitudinales<\/p>","protected":false},"excerpt":{"rendered":"<p>Traje de ba\u00f1o Black moontlight dragonfly de mujer de estilo boho, de inspiraci\u00f3n g\u00f3tica y pagana. Disponible hasta la 3XL.<\/p>","protected":false},"featured_media":769,"comment_status":"open","ping_status":"closed","template":"","meta":{"_seopress_robots_primary_cat":"none","_seopress_titles_title":"","_seopress_titles_desc":"Traje de ba\u00f1o Black moontlight dragonfly de mujer de estilo boho, de inspiraci\u00f3n g\u00f3tica y pagana. Disponible hasta la 3XL.","_seopress_robots_index":"","site-sidebar-layout":"default","site-content-layout":"","ast-site-content-layout":"default","site-content-style":"default","site-sidebar-style":"default","ast-global-header-display":"","ast-banner-title-visibility":"","ast-main-header-display":"","ast-hfb-above-header-display":"","ast-hfb-below-header-display":"","ast-hfb-mobile-header-display":"","site-post-title":"","ast-breadcrumbs-content":"","ast-featured-img":"","footer-sml-layout":"","ast-disable-related-posts":"","theme-transparent-header-meta":"default","adv-header-id-meta":"","stick-header-meta":"","header-above-stick-meta":"","header-main-stick-meta":"","header-below-stick-meta":"","astra-migrate-meta-layouts":"set","ast-page-background-enabled":"default","ast-page-background-meta":{"desktop":{"background-color":"var(--ast-global-color-4)","background-image":"","background-repeat":"repeat","background-position":"center center","background-size":"auto","background-attachment":"scroll","background-type":"","background-media":"","overlay-type":"","overlay-color":"","overlay-opacity":"","overlay-gradient":""},"tablet":{"background-color":"","background-image":"","background-repeat":"repeat","background-position":"center center","background-size":"auto","background-attachment":"scroll","background-type":"","background-media":"","overlay-type":"","overlay-color":"","overlay-opacity":"","overlay-gradient":""},"mobile":{"background-color":"","background-image":"","background-repeat":"repeat","background-position":"center center","background-size":"auto","background-attachment":"scroll","background-type":"","background-media":"","overlay-type":"","overlay-color":"","overlay-opacity":"","overlay-gradient":""}},"ast-content-background-meta":{"desktop":{"background-color":"var(--ast-global-color-5)","background-image":"","background-repeat":"repeat","background-position":"center center","background-size":"auto","background-attachment":"scroll","background-type":"","background-media":"","overlay-type":"","overlay-color":"","overlay-opacity":"","overlay-gradient":""},"tablet":{"background-color":"var(--ast-global-color-5)","background-image":"","background-repeat":"repeat","background-position":"center center","background-size":"auto","background-attachment":"scroll","background-type":"","background-media":"","overlay-type":"","overlay-color":"","overlay-opacity":"","overlay-gradient":""},"mobile":{"background-color":"var(--ast-global-color-5)","background-image":"","background-repeat":"repeat","background-position":"center center","background-size":"auto","background-attachment":"scroll","background-type":"","background-media":"","overlay-type":"","overlay-color":"","overlay-opacity":"","overlay-gradient":""}}},"product_brand":[],"product_cat":[264],"product_tag":[84,83,82,87,85,95,96,88],"class_list":{"0":"post-713","1":"product","2":"type-product","3":"status-publish","4":"has-post-thumbnail","6":"product_cat-swimwear","7":"product_tag-dragonfly","8":"product_tag-moon-phases","9":"product_tag-moonlight","10":"product_tag-pagan","11":"product_tag-pattern","12":"product_tag-swimsuite","13":"product_tag-swimsuite-black","14":"product_tag-wicca","15":"desktop-align-center","16":"tablet-align-left","17":"mobile-align-left","19":"first","20":"instock","21":"taxable","22":"shipping-taxable","23":"purchasable","24":"product-type-variable"},"_links":{"self":[{"href":"https:\/\/narieletart.com\/en\/wp-json\/wp\/v2\/product\/713","targetHints":{"allow":["GET"]}}],"collection":[{"href":"https:\/\/narieletart.com\/en\/wp-json\/wp\/v2\/product"}],"about":[{"href":"https:\/\/narieletart.com\/en\/wp-json\/wp\/v2\/types\/product"}],"replies":[{"embeddable":true,"href":"https:\/\/narieletart.com\/en\/wp-json\/wp\/v2\/comments?post=713"}],"version-history":[{"count":0,"href":"https:\/\/narieletart.com\/en\/wp-json\/wp\/v2\/product\/713\/revisions"}],"wp:featuredmedia":[{"embeddable":true,"href":"https:\/\/narieletart.com\/en\/wp-json\/wp\/v2\/media\/769"}],"wp:attachment":[{"href":"https:\/\/narieletart.com\/en\/wp-json\/wp\/v2\/media?parent=713"}],"wp:term":[{"taxonomy":"product_brand","embeddable":true,"href":"https:\/\/narieletart.com\/en\/wp-json\/wp\/v2\/product_brand?post=713"},{"taxonomy":"product_cat","embeddable":true,"href":"https:\/\/narieletart.com\/en\/wp-json\/wp\/v2\/product_cat?post=713"},{"taxonomy":"product_tag","embeddable":true,"href":"https:\/\/narieletart.com\/en\/wp-json\/wp\/v2\/product_tag?post=713"}],"curies":[{"name":"wp","href":"https:\/\/api.w.org\/{rel}","templated":true}]}}