{"id":647,"date":"2024-06-26T12:13:42","date_gmt":"2024-06-26T10:13:42","guid":{"rendered":"https:\/\/narieletart.com\/?post_type=product&#038;p=647"},"modified":"2026-02-18T19:48:11","modified_gmt":"2026-02-18T18:48:11","slug":"nightfury-dragon-toothless-desdentado-print","status":"publish","type":"product","link":"https:\/\/narieletart.com\/en\/product\/nightfury-dragon-toothless-desdentado-print\/","title":{"rendered":"Nightfury dragon: Desdentado"},"content":{"rendered":"<p><strong>Perfecta para:<\/strong><\/p>\n<ul>\n<li>Decorar habitaciones y despachos.<\/li>\n<li>Regalo para fans de los dragones, de Desdentado y de <em>C\u00f3mo entrenar a tu drag\u00f3n (HTTYD).<\/em><\/li>\n<\/ul>\n<p>LEA ATENTAMENTE LAS MEDIDAS:<\/p>\n<p>Tama\u00f1os disponibles:<\/p>\n<ul>\n<li>DinA4 &#8211; 29&#8217;7x21cm &#8211; 8&#8243;x11&#8221; \/ DinA5 &#8212; 14.8x21cm &#8212; 5.8&#8243;x8.3&#8243;<\/li>\n<li>Firmado a mano. Papel mate de 300 g de alta calidad.<\/li>\n<li>El color puede variar un poco seg\u00fan la configuraci\u00f3n de la pantalla.<\/li>\n<\/ul>\n<p>POR FAVOR, PROPORCIONE UN N\u00daMERO DE TEL\u00c9FONO CON SU PEDIDO PARA CONFIGURAR LA ENTREGA POR CORREO.<\/p>","protected":false},"excerpt":{"rendered":"<p tabindex=\"0\" data-buy-box-listing-title=\"true\">Ilustraci\u00f3n inspirada en Desdentado, el furia nocturna, el drag\u00f3n m\u00edtico de &#8220;C\u00f3mo entrenar a tu drag\u00f3n&#8221; enmarcadas por flores dibujadas en linea.\u00a0 Esta ilustraci\u00f3n combina acuarelas y tinta, recordando a un dise\u00f1o de tatuaje donde cada estilo complementa al otro.<\/p>","protected":false},"featured_media":653,"comment_status":"open","ping_status":"closed","template":"","meta":{"_seopress_robots_primary_cat":"none","_seopress_titles_title":"%%post_title%% %%sep%% %%sitetitle%%","_seopress_titles_desc":"Ilustraci\u00f3n de drag\u00f3n Furia Nocturna inspirada en Desdentado y flores noruegas. Ilustraci\u00f3n de dise\u00f1o de tatuaje.","_seopress_robots_index":"","site-sidebar-layout":"default","site-content-layout":"","ast-site-content-layout":"default","site-content-style":"default","site-sidebar-style":"default","ast-global-header-display":"","ast-banner-title-visibility":"","ast-main-header-display":"","ast-hfb-above-header-display":"","ast-hfb-below-header-display":"","ast-hfb-mobile-header-display":"","site-post-title":"","ast-breadcrumbs-content":"","ast-featured-img":"","footer-sml-layout":"","ast-disable-related-posts":"","theme-transparent-header-meta":"default","adv-header-id-meta":"","stick-header-meta":"","header-above-stick-meta":"","header-main-stick-meta":"","header-below-stick-meta":"","astra-migrate-meta-layouts":"set","ast-page-background-enabled":"default","ast-page-background-meta":{"desktop":{"background-color":"var(--ast-global-color-4)","background-image":"","background-repeat":"repeat","background-position":"center center","background-size":"auto","background-attachment":"scroll","background-type":"","background-media":"","overlay-type":"","overlay-color":"","overlay-opacity":"","overlay-gradient":""},"tablet":{"background-color":"","background-image":"","background-repeat":"repeat","background-position":"center center","background-size":"auto","background-attachment":"scroll","background-type":"","background-media":"","overlay-type":"","overlay-color":"","overlay-opacity":"","overlay-gradient":""},"mobile":{"background-color":"","background-image":"","background-repeat":"repeat","background-position":"center center","background-size":"auto","background-attachment":"scroll","background-type":"","background-media":"","overlay-type":"","overlay-color":"","overlay-opacity":"","overlay-gradient":""}},"ast-content-background-meta":{"desktop":{"background-color":"var(--ast-global-color-5)","background-image":"","background-repeat":"repeat","background-position":"center center","background-size":"auto","background-attachment":"scroll","background-type":"","background-media":"","overlay-type":"","overlay-color":"","overlay-opacity":"","overlay-gradient":""},"tablet":{"background-color":"var(--ast-global-color-5)","background-image":"","background-repeat":"repeat","background-position":"center center","background-size":"auto","background-attachment":"scroll","background-type":"","background-media":"","overlay-type":"","overlay-color":"","overlay-opacity":"","overlay-gradient":""},"mobile":{"background-color":"var(--ast-global-color-5)","background-image":"","background-repeat":"repeat","background-position":"center center","background-size":"auto","background-attachment":"scroll","background-type":"","background-media":"","overlay-type":"","overlay-color":"","overlay-opacity":"","overlay-gradient":""}}},"product_brand":[],"product_cat":[19],"product_tag":[130,98,52,53,99,90,100],"class_list":{"0":"post-647","1":"product","2":"type-product","3":"status-publish","4":"has-post-thumbnail","6":"product_cat-art-prints","7":"product_tag-desdentado","8":"product_tag-dragon","9":"product_tag-illustration","10":"product_tag-ink","11":"product_tag-nightfury","12":"product_tag-tattoo","13":"product_tag-toothless","14":"product_shipping_class-certificado","15":"desktop-align-center","16":"tablet-align-left","17":"mobile-align-left","19":"first","20":"instock","21":"taxable","22":"shipping-taxable","23":"purchasable","24":"product-type-variable"},"_links":{"self":[{"href":"https:\/\/narieletart.com\/en\/wp-json\/wp\/v2\/product\/647","targetHints":{"allow":["GET"]}}],"collection":[{"href":"https:\/\/narieletart.com\/en\/wp-json\/wp\/v2\/product"}],"about":[{"href":"https:\/\/narieletart.com\/en\/wp-json\/wp\/v2\/types\/product"}],"replies":[{"embeddable":true,"href":"https:\/\/narieletart.com\/en\/wp-json\/wp\/v2\/comments?post=647"}],"version-history":[{"count":0,"href":"https:\/\/narieletart.com\/en\/wp-json\/wp\/v2\/product\/647\/revisions"}],"wp:featuredmedia":[{"embeddable":true,"href":"https:\/\/narieletart.com\/en\/wp-json\/wp\/v2\/media\/653"}],"wp:attachment":[{"href":"https:\/\/narieletart.com\/en\/wp-json\/wp\/v2\/media?parent=647"}],"wp:term":[{"taxonomy":"product_brand","embeddable":true,"href":"https:\/\/narieletart.com\/en\/wp-json\/wp\/v2\/product_brand?post=647"},{"taxonomy":"product_cat","embeddable":true,"href":"https:\/\/narieletart.com\/en\/wp-json\/wp\/v2\/product_cat?post=647"},{"taxonomy":"product_tag","embeddable":true,"href":"https:\/\/narieletart.com\/en\/wp-json\/wp\/v2\/product_tag?post=647"}],"curies":[{"name":"wp","href":"https:\/\/api.w.org\/{rel}","templated":true}]}}