{"id":329,"date":"2024-06-09T14:24:48","date_gmt":"2024-06-09T12:24:48","guid":{"rendered":"https:\/\/narieletart.com\/product\/night-moonlight-dragonfly-patter-swimsuite\/"},"modified":"2025-12-30T15:41:00","modified_gmt":"2025-12-30T14:41:00","slug":"night-moonlight-dragonfly-pattern-banador-swimsuite","status":"publish","type":"product","link":"https:\/\/narieletart.com\/en\/product\/night-moonlight-dragonfly-pattern-banador-swimsuite\/","title":{"rendered":"Blue moonlight dragonfly &#8211; ba\u00f1ador"},"content":{"rendered":"<p>Traje de ba\u00f1o de mujer inspiraci\u00f3n boho y wiccano. Hasta la talla 3XL.<br \/>\nEste traje de ba\u00f1o de una pieza para todas las figuras resaltar\u00e1 tus mejores rasgos. Disfruta de la tela suave y el dise\u00f1o favorecedor, \u00a1y l\u00facelo en el mar o en la piscina!<\/p>\n<p><strong>LEER ANTES DE COMPRAR<\/strong><br \/>\nProducto de impresi\u00f3n bajo demanda. Este producto se fabrica especialmente para ti tan pronto como realizas un pedido, por eso nos lleva un poco m\u00e1s de tiempo entreg\u00e1rtelo. Fabricar productos bajo demanda en lugar de al por mayor ayuda a reducir la sobreproducci\u00f3n, as\u00ed que gracias por tomar decisiones de compra bien pensadas.<\/p>\n<p>\u2022 82 % poli\u00e9ster, 18 % elastano<br \/>\n\u2022 Peso de la tela: 6,78 oz\/yd\u00b2 (230 g\/m\u00b2), el peso puede variar en un 5 %<br \/>\n\u2022 Tela resistente al cloro<br \/>\n\u2022 Corte atrevido con escote redondo y espalda baja<br \/>\n\u2022 Costuras en zigzag<br \/>\n\u2022 Parte delantera de doble capa<br \/>\n\u2022 El material el\u00e1stico en cuatro direcciones se estira y recupera en los hilos transversales y longitudinales<\/p>\n<p><a href=\"https:\/\/narieletart.com\/wp-content\/uploads\/2024\/06\/swimsuite-sizes_table.webp\"><img alt=\"\" fetchpriority=\"high\" decoding=\"async\" class=\"alignnone wp-image-379 size-full\" src=\"https:\/\/narieletart.com\/wp-content\/uploads\/2024\/06\/swimsuite-sizes_table.webp\" width=\"1140\" height=\"1140\" srcset=\"https:\/\/narieletart.com\/wp-content\/uploads\/2024\/06\/swimsuite-sizes_table.webp 1140w, https:\/\/narieletart.com\/wp-content\/uploads\/2024\/06\/swimsuite-sizes_table-400x400.webp 400w, https:\/\/narieletart.com\/wp-content\/uploads\/2024\/06\/swimsuite-sizes_table-100x100.webp 100w, https:\/\/narieletart.com\/wp-content\/uploads\/2024\/06\/swimsuite-sizes_table-900x900.webp 900w, https:\/\/narieletart.com\/wp-content\/uploads\/2024\/06\/swimsuite-sizes_table-64x64.webp 64w, https:\/\/narieletart.com\/wp-content\/uploads\/2024\/06\/swimsuite-sizes_table-500x500.webp 500w, https:\/\/narieletart.com\/wp-content\/uploads\/2024\/06\/swimsuite-sizes_table-150x150.webp 150w, https:\/\/narieletart.com\/wp-content\/uploads\/2024\/06\/swimsuite-sizes_table-768x768.webp 768w\" sizes=\"(max-width: 1140px) 100vw, 1140px\" \/><\/a><\/p>","protected":false},"excerpt":{"rendered":"<p>Traje de ba\u00f1o de mujer inspiraci\u00f3n boho y wiccano. Hasta la talla 3XL. Este traje de ba\u00f1o de una pieza para todas las figuras resaltar\u00e1 tus mejores rasgos. Disfruta de la tela suave y el dise\u00f1o favorecedor, \u00a1y l\u00facelo en el mar o en la piscina! LEER ANTES DE COMPRAR Producto de impresi\u00f3n bajo demanda. Este producto se fabrica especialmente para ti tan pronto como realizas un pedido, por eso nos lleva un poco m\u00e1s de tiempo entreg\u00e1rtelo. Fabricar productos bajo demanda en lugar de al por mayor ayuda a reducir la sobreproducci\u00f3n, as\u00ed que gracias por tomar decisiones de compra bien pensadas. \u2022 82 % poli\u00e9ster, 18 % elastano \u2022 Peso de la tela: 6,78 oz\/yd\u00b2 (230 g\/m\u00b2), el peso puede variar en un 5 % \u2022 Tela resistente al cloro \u2022 Corte atrevido con escote redondo y espalda baja \u2022 Costuras en zigzag \u2022 Parte delantera de doble capa \u2022 El material el\u00e1stico en cuatro direcciones se estira y recupera en los hilos transversales y longitudinales<\/p>","protected":false},"featured_media":381,"comment_status":"open","ping_status":"closed","template":"","meta":{"_seopress_robots_primary_cat":"none","_seopress_titles_title":"%%post_title%%","_seopress_titles_desc":"%%post_excerpt%%","_seopress_robots_index":"","site-sidebar-layout":"default","site-content-layout":"","ast-site-content-layout":"default","site-content-style":"default","site-sidebar-style":"default","ast-global-header-display":"","ast-banner-title-visibility":"","ast-main-header-display":"","ast-hfb-above-header-display":"","ast-hfb-below-header-display":"","ast-hfb-mobile-header-display":"","site-post-title":"","ast-breadcrumbs-content":"","ast-featured-img":"","footer-sml-layout":"","ast-disable-related-posts":"","theme-transparent-header-meta":"default","adv-header-id-meta":"","stick-header-meta":"","header-above-stick-meta":"","header-main-stick-meta":"","header-below-stick-meta":"","astra-migrate-meta-layouts":"set","ast-page-background-enabled":"default","ast-page-background-meta":{"desktop":{"background-color":"var(--ast-global-color-4)","background-image":"","background-repeat":"repeat","background-position":"center center","background-size":"auto","background-attachment":"scroll","background-type":"","background-media":"","overlay-type":"","overlay-color":"","overlay-opacity":"","overlay-gradient":""},"tablet":{"background-color":"","background-image":"","background-repeat":"repeat","background-position":"center center","background-size":"auto","background-attachment":"scroll","background-type":"","background-media":"","overlay-type":"","overlay-color":"","overlay-opacity":"","overlay-gradient":""},"mobile":{"background-color":"","background-image":"","background-repeat":"repeat","background-position":"center center","background-size":"auto","background-attachment":"scroll","background-type":"","background-media":"","overlay-type":"","overlay-color":"","overlay-opacity":"","overlay-gradient":""}},"ast-content-background-meta":{"desktop":{"background-color":"var(--ast-global-color-5)","background-image":"","background-repeat":"repeat","background-position":"center center","background-size":"auto","background-attachment":"scroll","background-type":"","background-media":"","overlay-type":"","overlay-color":"","overlay-opacity":"","overlay-gradient":""},"tablet":{"background-color":"var(--ast-global-color-5)","background-image":"","background-repeat":"repeat","background-position":"center center","background-size":"auto","background-attachment":"scroll","background-type":"","background-media":"","overlay-type":"","overlay-color":"","overlay-opacity":"","overlay-gradient":""},"mobile":{"background-color":"var(--ast-global-color-5)","background-image":"","background-repeat":"repeat","background-position":"center center","background-size":"auto","background-attachment":"scroll","background-type":"","background-media":"","overlay-type":"","overlay-color":"","overlay-opacity":"","overlay-gradient":""}}},"product_brand":[],"product_cat":[264],"product_tag":[],"class_list":{"0":"post-329","1":"product","2":"type-product","3":"status-publish","4":"has-post-thumbnail","6":"product_cat-swimwear","7":"desktop-align-center","8":"tablet-align-left","9":"mobile-align-left","11":"first","12":"instock","13":"taxable","14":"shipping-taxable","15":"purchasable","16":"product-type-variable"},"_links":{"self":[{"href":"https:\/\/narieletart.com\/en\/wp-json\/wp\/v2\/product\/329","targetHints":{"allow":["GET"]}}],"collection":[{"href":"https:\/\/narieletart.com\/en\/wp-json\/wp\/v2\/product"}],"about":[{"href":"https:\/\/narieletart.com\/en\/wp-json\/wp\/v2\/types\/product"}],"replies":[{"embeddable":true,"href":"https:\/\/narieletart.com\/en\/wp-json\/wp\/v2\/comments?post=329"}],"version-history":[{"count":0,"href":"https:\/\/narieletart.com\/en\/wp-json\/wp\/v2\/product\/329\/revisions"}],"wp:featuredmedia":[{"embeddable":true,"href":"https:\/\/narieletart.com\/en\/wp-json\/wp\/v2\/media\/381"}],"wp:attachment":[{"href":"https:\/\/narieletart.com\/en\/wp-json\/wp\/v2\/media?parent=329"}],"wp:term":[{"taxonomy":"product_brand","embeddable":true,"href":"https:\/\/narieletart.com\/en\/wp-json\/wp\/v2\/product_brand?post=329"},{"taxonomy":"product_cat","embeddable":true,"href":"https:\/\/narieletart.com\/en\/wp-json\/wp\/v2\/product_cat?post=329"},{"taxonomy":"product_tag","embeddable":true,"href":"https:\/\/narieletart.com\/en\/wp-json\/wp\/v2\/product_tag?post=329"}],"curies":[{"name":"wp","href":"https:\/\/api.w.org\/{rel}","templated":true}]}}