{"id":3234,"date":"2025-12-30T17:48:24","date_gmt":"2025-12-30T16:48:24","guid":{"rendered":"https:\/\/narieletart.com\/?post_type=product&#038;p=3234"},"modified":"2026-02-17T15:11:26","modified_gmt":"2026-02-17T14:11:26","slug":"nana-fanart-tattoo","status":"publish","type":"product","link":"https:\/\/narieletart.com\/en\/product\/nana-fanart-tattoo\/","title":{"rendered":"NANA &#8211; fanart tattoo inspiration"},"content":{"rendered":"<h2><strong>Ideal para:<\/strong><\/h2>\n<ul>\n<li>Perfecta como regalo especial para fants del manga de Nana.<\/li>\n<li>Ideal para regalar a fans del manga de Nana.<\/li>\n<li>Regalo perfecto para un tatuador.<\/li>\n<\/ul>\n<p>&nbsp;<\/p>\n<h3>Descripci\u00f3n<\/h3>\n<ul>\n<li>Tama\u00f1os disponibles: DinA4 &#8211; 29&#8217;7x21cm &#8211; 8&#8243;x11&#8221; \/ DinA5 &#8212; 14.8x21cm &#8212; 5.8&#8243;x8.3&#8243;<\/li>\n<li>Firmada a mano. Papel mate de 250 g de alta calidad.<\/li>\n<li>El color puede variar un poco seg\u00fan la configuraci\u00f3n de la pantalla.<\/li>\n<li>Impreso en Espa\u00f1a.<\/li>\n<\/ul>\n<h3 data-start=\"2454\" data-end=\"2467\">FAQ (breve)<\/h3>\n<p data-start=\"2468\" data-end=\"2660\"><strong data-start=\"2468\" data-end=\"2489\">\u00bfViene enmarcado?<\/strong> No, solo la l\u00e1mina.<br data-start=\"2509\" data-end=\"2512\" \/><strong data-start=\"2512\" data-end=\"2543\">\u00bfPuedo recogerlo en un evento?<\/strong> S\u00ed, puedes ponerte en contacto conmigo para m\u00e1s informaci\u00f3n.<br data-start=\"2591\" data-end=\"2594\" \/><strong data-start=\"2594\" data-end=\"2628\">\u00bfHaces env\u00edos internacionales?<\/strong> S\u00ed, se calculan en el checkout.<\/p>\n<p>POR FAVOR, PROPORCIONE UN N\u00daMERO DE TEL\u00c9FONO CON SU PEDIDO PARA CONFIGURAR LA ENTREGA POR CORREO.<\/p>\n<p><strong data-start=\"1887\" data-end=\"1901\">Nota legal<\/strong><br \/>\nFanart no oficial inspirado en <em data-start=\"1933\" data-end=\"1962\">Nana<\/em>.<\/p>","protected":false},"excerpt":{"rendered":"<p>Ilustraci\u00f3n inspirada en la obra de Ai Yazawa <strong>NANA<\/strong>. Disponible en <strong data-start=\"628\" data-end=\"634\">A4<\/strong> y <strong data-start=\"637\" data-end=\"643\">A5<\/strong>. Papel: 250gr mate de alta calidad.<br \/>\n<strong data-start=\"645\" data-end=\"664\">Edici\u00f3n abierta<\/strong>: reimpresiones bajo demanda con la misma calidad.<\/p>","protected":false},"featured_media":3237,"comment_status":"open","ping_status":"closed","template":"","meta":{"_seopress_robots_primary_cat":"none","_seopress_titles_title":"NANA fanart tattoo poster | A4\/A5","_seopress_titles_desc":"L\u00e1mina de Nana, del manga de Ai Yazawa. Impresi\u00f3n en papel de 200gr de alta calidad, A4\/A5. Env\u00edo r\u00e1pido desde Espa\u00f1a.","_seopress_robots_index":"","site-sidebar-layout":"default","site-content-layout":"","ast-site-content-layout":"default","site-content-style":"default","site-sidebar-style":"default","ast-global-header-display":"","ast-banner-title-visibility":"","ast-main-header-display":"","ast-hfb-above-header-display":"","ast-hfb-below-header-display":"","ast-hfb-mobile-header-display":"","site-post-title":"","ast-breadcrumbs-content":"","ast-featured-img":"","footer-sml-layout":"","ast-disable-related-posts":"","theme-transparent-header-meta":"default","adv-header-id-meta":"","stick-header-meta":"","header-above-stick-meta":"","header-main-stick-meta":"","header-below-stick-meta":"","astra-migrate-meta-layouts":"set","ast-page-background-enabled":"default","ast-page-background-meta":{"desktop":{"background-color":"var(--ast-global-color-4)","background-image":"","background-repeat":"repeat","background-position":"center center","background-size":"auto","background-attachment":"scroll","background-type":"","background-media":"","overlay-type":"","overlay-color":"","overlay-opacity":"","overlay-gradient":""},"tablet":{"background-color":"","background-image":"","background-repeat":"repeat","background-position":"center center","background-size":"auto","background-attachment":"scroll","background-type":"","background-media":"","overlay-type":"","overlay-color":"","overlay-opacity":"","overlay-gradient":""},"mobile":{"background-color":"","background-image":"","background-repeat":"repeat","background-position":"center center","background-size":"auto","background-attachment":"scroll","background-type":"","background-media":"","overlay-type":"","overlay-color":"","overlay-opacity":"","overlay-gradient":""}},"ast-content-background-meta":{"desktop":{"background-color":"var(--ast-global-color-5)","background-image":"","background-repeat":"repeat","background-position":"center center","background-size":"auto","background-attachment":"scroll","background-type":"","background-media":"","overlay-type":"","overlay-color":"","overlay-opacity":"","overlay-gradient":""},"tablet":{"background-color":"var(--ast-global-color-5)","background-image":"","background-repeat":"repeat","background-position":"center center","background-size":"auto","background-attachment":"scroll","background-type":"","background-media":"","overlay-type":"","overlay-color":"","overlay-opacity":"","overlay-gradient":""},"mobile":{"background-color":"var(--ast-global-color-5)","background-image":"","background-repeat":"repeat","background-position":"center center","background-size":"auto","background-attachment":"scroll","background-type":"","background-media":"","overlay-type":"","overlay-color":"","overlay-opacity":"","overlay-gradient":""}}},"product_brand":[],"product_cat":[19],"product_tag":[240,270,111,236,269,238,237,271,90],"class_list":{"0":"post-3234","1":"product","2":"type-product","3":"status-publish","4":"has-post-thumbnail","6":"product_cat-art-prints","7":"product_tag-arte-fantasia","8":"product_tag-hachi","9":"product_tag-ilustracion","10":"product_tag-lamina","11":"product_tag-nana","12":"product_tag-poster","13":"product_tag-print","14":"product_tag-rose","15":"product_tag-tattoo","16":"product_shipping_class-certificado","17":"desktop-align-center","18":"tablet-align-left","19":"mobile-align-left","21":"first","22":"instock","23":"taxable","24":"shipping-taxable","25":"purchasable","26":"product-type-variable"},"_links":{"self":[{"href":"https:\/\/narieletart.com\/en\/wp-json\/wp\/v2\/product\/3234","targetHints":{"allow":["GET"]}}],"collection":[{"href":"https:\/\/narieletart.com\/en\/wp-json\/wp\/v2\/product"}],"about":[{"href":"https:\/\/narieletart.com\/en\/wp-json\/wp\/v2\/types\/product"}],"replies":[{"embeddable":true,"href":"https:\/\/narieletart.com\/en\/wp-json\/wp\/v2\/comments?post=3234"}],"version-history":[{"count":0,"href":"https:\/\/narieletart.com\/en\/wp-json\/wp\/v2\/product\/3234\/revisions"}],"wp:featuredmedia":[{"embeddable":true,"href":"https:\/\/narieletart.com\/en\/wp-json\/wp\/v2\/media\/3237"}],"wp:attachment":[{"href":"https:\/\/narieletart.com\/en\/wp-json\/wp\/v2\/media?parent=3234"}],"wp:term":[{"taxonomy":"product_brand","embeddable":true,"href":"https:\/\/narieletart.com\/en\/wp-json\/wp\/v2\/product_brand?post=3234"},{"taxonomy":"product_cat","embeddable":true,"href":"https:\/\/narieletart.com\/en\/wp-json\/wp\/v2\/product_cat?post=3234"},{"taxonomy":"product_tag","embeddable":true,"href":"https:\/\/narieletart.com\/en\/wp-json\/wp\/v2\/product_tag?post=3234"}],"curies":[{"name":"wp","href":"https:\/\/api.w.org\/{rel}","templated":true}]}}