{"id":3217,"date":"2025-12-30T17:26:54","date_gmt":"2025-12-30T16:26:54","guid":{"rendered":"https:\/\/narieletart.com\/product\/camiseta-medusa-petrify-the-patriarchy\/"},"modified":"2026-01-01T17:58:20","modified_gmt":"2026-01-01T16:58:20","slug":"camiseta-medusa-petrify-the-patriarchy","status":"publish","type":"product","link":"https:\/\/narieletart.com\/en\/product\/camiseta-medusa-petrify-the-patriarchy\/","title":{"rendered":"Camiseta Medusa &#8211; Petrify the patriarchy"},"content":{"rendered":"<p><strong>Te encantar\u00e1:<\/strong><br \/>\nTejido de algod\u00f3n de buen\u00edsima calidad.<br \/>\nRegalo perfecto para mujeres y hombres luchadores, fuertes y comprometidos.<\/p>\n<p><strong>Caracter\u00edsticas<\/strong><\/p>\n<ul>\n<li>100% algod\u00f3n<\/li>\n<li>Peso del tejido: 170\u2013180 g\/m\u00b2 (5.0\u20135.3 oz\/yd\u00b2)<\/li>\n<li>Tejido tubular<\/li>\n<li>Cuello y hombros con reborde<\/li>\n<li>Doble costura en mangas y dobladillo inferior<\/li>\n<li>Producto base procedente de Honduras, Nicaragua, Hait\u00ed, Rep\u00fablica Dominicana, Banglad\u00e9s, M\u00e9xico<\/li>\n<\/ul>\n<p><strong>Trazabilidad<\/strong>:<br \/>\n&#8211; Tejido\u2014Honduras, Rep\u00fablica Dominicana<br \/>\n&#8211; Te\u00f1ido\u2014Honduras, Rep\u00fablica Dominicana<br \/>\n&#8211; Fabricaci\u00f3n\u2014Nicaragua, Honduras, Hait\u00ed, El Salvador o Rep\u00fablica Dominicana<br \/>\nContiene un 0% de sustancias peligrosas<\/p>","protected":false},"excerpt":{"rendered":"<p>Medusa renace reconvertida en un s\u00edmbolo feminista inesperado contra la mirada masculina. Fue una mujer que le arrebataron la belleza y sustituyeron su pelo por feroces serpientes y una mirada que pod\u00eda convertir a los hombres en piedra.<\/p>","protected":false},"featured_media":3156,"comment_status":"open","ping_status":"closed","template":"","meta":{"_seopress_robots_primary_cat":"none","_seopress_titles_title":"Camiseta Medusa - Petrify the patriarchy","_seopress_titles_desc":"Medusa renace reconvertida en un s\u00edmbolo feminista inesperado contra la mirada masculina. Fue una mujer que le arrebataron la belleza y sustituyeron su pelo por feroces serpientes y una mirada que pod\u00eda convertir a los hombres en piedra.","_seopress_robots_index":"","site-sidebar-layout":"default","site-content-layout":"","ast-site-content-layout":"default","site-content-style":"default","site-sidebar-style":"default","ast-global-header-display":"","ast-banner-title-visibility":"","ast-main-header-display":"","ast-hfb-above-header-display":"","ast-hfb-below-header-display":"","ast-hfb-mobile-header-display":"","site-post-title":"","ast-breadcrumbs-content":"","ast-featured-img":"","footer-sml-layout":"","ast-disable-related-posts":"","theme-transparent-header-meta":"default","adv-header-id-meta":"","stick-header-meta":"","header-above-stick-meta":"","header-main-stick-meta":"","header-below-stick-meta":"","astra-migrate-meta-layouts":"set","ast-page-background-enabled":"default","ast-page-background-meta":{"desktop":{"background-color":"var(--ast-global-color-4)","background-image":"","background-repeat":"repeat","background-position":"center center","background-size":"auto","background-attachment":"scroll","background-type":"","background-media":"","overlay-type":"","overlay-color":"","overlay-opacity":"","overlay-gradient":""},"tablet":{"background-color":"","background-image":"","background-repeat":"repeat","background-position":"center center","background-size":"auto","background-attachment":"scroll","background-type":"","background-media":"","overlay-type":"","overlay-color":"","overlay-opacity":"","overlay-gradient":""},"mobile":{"background-color":"","background-image":"","background-repeat":"repeat","background-position":"center center","background-size":"auto","background-attachment":"scroll","background-type":"","background-media":"","overlay-type":"","overlay-color":"","overlay-opacity":"","overlay-gradient":""}},"ast-content-background-meta":{"desktop":{"background-color":"var(--ast-global-color-5)","background-image":"","background-repeat":"repeat","background-position":"center center","background-size":"auto","background-attachment":"scroll","background-type":"","background-media":"","overlay-type":"","overlay-color":"","overlay-opacity":"","overlay-gradient":""},"tablet":{"background-color":"var(--ast-global-color-5)","background-image":"","background-repeat":"repeat","background-position":"center center","background-size":"auto","background-attachment":"scroll","background-type":"","background-media":"","overlay-type":"","overlay-color":"","overlay-opacity":"","overlay-gradient":""},"mobile":{"background-color":"var(--ast-global-color-5)","background-image":"","background-repeat":"repeat","background-position":"center center","background-size":"auto","background-attachment":"scroll","background-type":"","background-media":"","overlay-type":"","overlay-color":"","overlay-opacity":"","overlay-gradient":""}}},"product_brand":[],"product_cat":[263],"product_tag":[],"class_list":{"0":"post-3217","1":"product","2":"type-product","3":"status-publish","4":"has-post-thumbnail","6":"product_cat-clothing","7":"desktop-align-center","8":"tablet-align-left","9":"mobile-align-left","11":"first","12":"instock","13":"taxable","14":"shipping-taxable","15":"purchasable","16":"product-type-variable"},"_links":{"self":[{"href":"https:\/\/narieletart.com\/en\/wp-json\/wp\/v2\/product\/3217","targetHints":{"allow":["GET"]}}],"collection":[{"href":"https:\/\/narieletart.com\/en\/wp-json\/wp\/v2\/product"}],"about":[{"href":"https:\/\/narieletart.com\/en\/wp-json\/wp\/v2\/types\/product"}],"replies":[{"embeddable":true,"href":"https:\/\/narieletart.com\/en\/wp-json\/wp\/v2\/comments?post=3217"}],"version-history":[{"count":0,"href":"https:\/\/narieletart.com\/en\/wp-json\/wp\/v2\/product\/3217\/revisions"}],"wp:featuredmedia":[{"embeddable":true,"href":"https:\/\/narieletart.com\/en\/wp-json\/wp\/v2\/media\/3156"}],"wp:attachment":[{"href":"https:\/\/narieletart.com\/en\/wp-json\/wp\/v2\/media?parent=3217"}],"wp:term":[{"taxonomy":"product_brand","embeddable":true,"href":"https:\/\/narieletart.com\/en\/wp-json\/wp\/v2\/product_brand?post=3217"},{"taxonomy":"product_cat","embeddable":true,"href":"https:\/\/narieletart.com\/en\/wp-json\/wp\/v2\/product_cat?post=3217"},{"taxonomy":"product_tag","embeddable":true,"href":"https:\/\/narieletart.com\/en\/wp-json\/wp\/v2\/product_tag?post=3217"}],"curies":[{"name":"wp","href":"https:\/\/api.w.org\/{rel}","templated":true}]}}