{"id":3018,"date":"2025-12-30T13:37:28","date_gmt":"2025-12-30T12:37:28","guid":{"rendered":"https:\/\/narieletart.com\/product\/blue-dragonfly-night-totebag\/"},"modified":"2026-04-18T19:51:53","modified_gmt":"2026-04-18T17:51:53","slug":"blue-dragonfly-night-totebag","status":"publish","type":"product","link":"https:\/\/narieletart.com\/en\/product\/blue-dragonfly-night-totebag\/","title":{"rendered":"Blue Dragonfly night totebag"},"content":{"rendered":"<p>Bolso de asas totalmente impreso y Print-on-demand de mi patr\u00f3n de Lib\u00e9lula nocturna, perfecto para amantes de la est\u00e9tica witchy o g\u00f3tica.<br \/>\nTotebag realmente espacioso ideal para llevar todo lo que necesitas.<\/p>\n<ul>\n<li>100% poli\u00e9ster<\/li>\n<li>Tama\u00f1o de la bolsa: 39 \u00d7 39 cm (15&#8243; \u00d7 15&#8243;)<\/li>\n<li>Capacidad: 10 L (2,6 US gal)<\/li>\n<li>L\u00edmite de peso m\u00e1ximo: 20 kg (44 lb)<\/li>\n<li>Asas dobles fabricadas con tejido vaquero de algod\u00f3n 100% natural<\/li>\n<li>Longitud de las asas: 67 cm (26&#8243;), ancho 2,5 cm (1&#8243;)<\/li>\n<li>Las asas pueden variar ligeramente seg\u00fan el lugar de entrega<\/li>\n<\/ul>\n<p>Trazabilidad:<\/p>\n<ul>\n<li>Tejido\u2014China<\/li>\n<li>Te\u00f1ido\u2014China<\/li>\n<li>Fabricaci\u00f3n\u2014Letonia<\/li>\n<\/ul>\n<p>Contiene 0% de sustancias peligrosas. Este art\u00edculo libera microfibras de pl\u00e1stico al medio ambiente durante el lavado<br \/>\nGarant\u00eda EU: 2 a\u00f1os<\/p>","protected":false},"excerpt":{"rendered":"<p>Bolso de asas totalmente impreso y Print-on-demand de mi patr\u00f3n de Lib\u00e9lula nocturna, perfecto para amantes de la est\u00e9tica witchy o g\u00f3tica.<\/p>","protected":false},"featured_media":3019,"comment_status":"open","ping_status":"closed","template":"","meta":{"_seopress_robots_primary_cat":"none","_seopress_titles_title":"","_seopress_titles_desc":"Bolso de asas totalmente impreso y Print-on-demand de mi patr\u00f3n de Lib\u00e9lula nocturna, perfecto para amantes de la est\u00e9tica witchy o g\u00f3tica.","_seopress_robots_index":"","site-sidebar-layout":"default","site-content-layout":"","ast-site-content-layout":"default","site-content-style":"default","site-sidebar-style":"default","ast-global-header-display":"","ast-banner-title-visibility":"","ast-main-header-display":"","ast-hfb-above-header-display":"","ast-hfb-below-header-display":"","ast-hfb-mobile-header-display":"","site-post-title":"","ast-breadcrumbs-content":"","ast-featured-img":"","footer-sml-layout":"","ast-disable-related-posts":"","theme-transparent-header-meta":"default","adv-header-id-meta":"","stick-header-meta":"","header-above-stick-meta":"","header-main-stick-meta":"","header-below-stick-meta":"","astra-migrate-meta-layouts":"set","ast-page-background-enabled":"default","ast-page-background-meta":{"desktop":{"background-color":"var(--ast-global-color-4)","background-image":"","background-repeat":"repeat","background-position":"center center","background-size":"auto","background-attachment":"scroll","background-type":"","background-media":"","overlay-type":"","overlay-color":"","overlay-opacity":"","overlay-gradient":""},"tablet":{"background-color":"","background-image":"","background-repeat":"repeat","background-position":"center center","background-size":"auto","background-attachment":"scroll","background-type":"","background-media":"","overlay-type":"","overlay-color":"","overlay-opacity":"","overlay-gradient":""},"mobile":{"background-color":"","background-image":"","background-repeat":"repeat","background-position":"center center","background-size":"auto","background-attachment":"scroll","background-type":"","background-media":"","overlay-type":"","overlay-color":"","overlay-opacity":"","overlay-gradient":""}},"ast-content-background-meta":{"desktop":{"background-color":"var(--ast-global-color-5)","background-image":"","background-repeat":"repeat","background-position":"center center","background-size":"auto","background-attachment":"scroll","background-type":"","background-media":"","overlay-type":"","overlay-color":"","overlay-opacity":"","overlay-gradient":""},"tablet":{"background-color":"var(--ast-global-color-5)","background-image":"","background-repeat":"repeat","background-position":"center center","background-size":"auto","background-attachment":"scroll","background-type":"","background-media":"","overlay-type":"","overlay-color":"","overlay-opacity":"","overlay-gradient":""},"mobile":{"background-color":"var(--ast-global-color-5)","background-image":"","background-repeat":"repeat","background-position":"center center","background-size":"auto","background-attachment":"scroll","background-type":"","background-media":"","overlay-type":"","overlay-color":"","overlay-opacity":"","overlay-gradient":""}}},"product_brand":[],"product_cat":[262],"product_tag":[],"class_list":{"0":"post-3018","1":"product","2":"type-product","3":"status-publish","4":"has-post-thumbnail","6":"product_cat-accesories","7":"desktop-align-center","8":"tablet-align-left","9":"mobile-align-left","11":"first","12":"instock","13":"taxable","14":"shipping-taxable","15":"purchasable","16":"product-type-simple"},"_links":{"self":[{"href":"https:\/\/narieletart.com\/en\/wp-json\/wp\/v2\/product\/3018","targetHints":{"allow":["GET"]}}],"collection":[{"href":"https:\/\/narieletart.com\/en\/wp-json\/wp\/v2\/product"}],"about":[{"href":"https:\/\/narieletart.com\/en\/wp-json\/wp\/v2\/types\/product"}],"replies":[{"embeddable":true,"href":"https:\/\/narieletart.com\/en\/wp-json\/wp\/v2\/comments?post=3018"}],"version-history":[{"count":0,"href":"https:\/\/narieletart.com\/en\/wp-json\/wp\/v2\/product\/3018\/revisions"}],"wp:featuredmedia":[{"embeddable":true,"href":"https:\/\/narieletart.com\/en\/wp-json\/wp\/v2\/media\/3019"}],"wp:attachment":[{"href":"https:\/\/narieletart.com\/en\/wp-json\/wp\/v2\/media?parent=3018"}],"wp:term":[{"taxonomy":"product_brand","embeddable":true,"href":"https:\/\/narieletart.com\/en\/wp-json\/wp\/v2\/product_brand?post=3018"},{"taxonomy":"product_cat","embeddable":true,"href":"https:\/\/narieletart.com\/en\/wp-json\/wp\/v2\/product_cat?post=3018"},{"taxonomy":"product_tag","embeddable":true,"href":"https:\/\/narieletart.com\/en\/wp-json\/wp\/v2\/product_tag?post=3018"}],"curies":[{"name":"wp","href":"https:\/\/api.w.org\/{rel}","templated":true}]}}