{"id":1742,"date":"2025-01-17T09:33:18","date_gmt":"2025-01-17T08:33:18","guid":{"rendered":"https:\/\/narieletart.com\/?post_type=product&#038;p=1742"},"modified":"2025-04-10T20:24:14","modified_gmt":"2025-04-10T18:24:14","slug":"lee-know-as-roy-mustang-skz-anime","status":"publish","type":"product","link":"https:\/\/narieletart.com\/en\/product\/lee-know-as-roy-mustang-skz-anime\/","title":{"rendered":"Lee Know as Roy Mustang &#8211; SKZ Anime"},"content":{"rendered":"<p><strong>Ideal para:<\/strong><\/p>\n<ul>\n<li>Regalo perfecto para fans de Full Metal Alchemist\u00a0 (FMA)<\/li>\n<li>Perfecto para fans de StrayKids y sobre todo si su Bias es Lee Know.<\/li>\n<li>Ideal para regalar a una Stay.<\/li>\n<\/ul>\n<p>&nbsp;<\/p>\n<p>LEE <span style=\"font-size: 16px;\">ATENTAMENTE LAS MEDIDAS:<\/span><\/p>\n<p>Tama\u00f1os disponibles:<br \/>\nDinA5 &#8212; 14.8x21cm &#8212; 5.8&#8243;x8.3&#8243;<br \/>\nFirmada a mano. Papel mate de 250 g de alta calidad.<br \/>\nEl color puede variar un poco seg\u00fan la configuraci\u00f3n de la pantalla.<\/p>\n<p>Nota: La ilustraci\u00f3n se env\u00eda sin marco, lo que le permite personalizar la presentaci\u00f3n seg\u00fan su estilo y preferencias.<\/p>\n<p>POR FAVOR, PROPORCIONE UN N\u00daMERO DE TEL\u00c9FONO CON SU PEDIDO PARA CONFIGURAR LA ENTREGA POR CORREO.<\/p>","protected":false},"excerpt":{"rendered":"<p>Ilustraci\u00f3n de Lee Know de Straykids inspirada en Roy Mustang, de Full Metal Alchemist.<\/p>","protected":false},"featured_media":1747,"comment_status":"open","ping_status":"closed","template":"","meta":{"_seopress_robots_primary_cat":"none","_seopress_titles_title":"%%post_title%% %%sep%% %%sitetitle%%","_seopress_titles_desc":"Ilustraci\u00f3n de Lee Know de Straykids inspirada en Roy Mustang, de Full Metal Alchemist.","_seopress_robots_index":"","site-sidebar-layout":"default","site-content-layout":"","ast-site-content-layout":"default","site-content-style":"default","site-sidebar-style":"default","ast-global-header-display":"","ast-banner-title-visibility":"","ast-main-header-display":"","ast-hfb-above-header-display":"","ast-hfb-below-header-display":"","ast-hfb-mobile-header-display":"","site-post-title":"","ast-breadcrumbs-content":"","ast-featured-img":"","footer-sml-layout":"","ast-disable-related-posts":"","theme-transparent-header-meta":"default","adv-header-id-meta":"","stick-header-meta":"","header-above-stick-meta":"","header-main-stick-meta":"","header-below-stick-meta":"","astra-migrate-meta-layouts":"set","ast-page-background-enabled":"default","ast-page-background-meta":{"desktop":{"background-color":"var(--ast-global-color-4)","background-image":"","background-repeat":"repeat","background-position":"center center","background-size":"auto","background-attachment":"scroll","background-type":"","background-media":"","overlay-type":"","overlay-color":"","overlay-opacity":"","overlay-gradient":""},"tablet":{"background-color":"","background-image":"","background-repeat":"repeat","background-position":"center center","background-size":"auto","background-attachment":"scroll","background-type":"","background-media":"","overlay-type":"","overlay-color":"","overlay-opacity":"","overlay-gradient":""},"mobile":{"background-color":"","background-image":"","background-repeat":"repeat","background-position":"center center","background-size":"auto","background-attachment":"scroll","background-type":"","background-media":"","overlay-type":"","overlay-color":"","overlay-opacity":"","overlay-gradient":""}},"ast-content-background-meta":{"desktop":{"background-color":"var(--ast-global-color-5)","background-image":"","background-repeat":"repeat","background-position":"center center","background-size":"auto","background-attachment":"scroll","background-type":"","background-media":"","overlay-type":"","overlay-color":"","overlay-opacity":"","overlay-gradient":""},"tablet":{"background-color":"var(--ast-global-color-5)","background-image":"","background-repeat":"repeat","background-position":"center center","background-size":"auto","background-attachment":"scroll","background-type":"","background-media":"","overlay-type":"","overlay-color":"","overlay-opacity":"","overlay-gradient":""},"mobile":{"background-color":"var(--ast-global-color-5)","background-image":"","background-repeat":"repeat","background-position":"center center","background-size":"auto","background-attachment":"scroll","background-type":"","background-media":"","overlay-type":"","overlay-color":"","overlay-opacity":"","overlay-gradient":""}}},"product_brand":[],"product_cat":[19],"product_tag":[175,177,168,176,170,172,169],"class_list":{"0":"post-1742","1":"product","2":"type-product","3":"status-publish","4":"has-post-thumbnail","6":"product_cat-art-prints","7":"product_tag-anime","8":"product_tag-full-metal-alchemist","9":"product_tag-kpop","10":"product_tag-lee-know","11":"product_tag-skz","12":"product_tag-stray-kids","13":"product_tag-straykids","14":"product_shipping_class-certificado","15":"desktop-align-center","16":"tablet-align-left","17":"mobile-align-left","19":"first","20":"instock","21":"taxable","22":"shipping-taxable","23":"purchasable","24":"product-type-simple"},"_links":{"self":[{"href":"https:\/\/narieletart.com\/en\/wp-json\/wp\/v2\/product\/1742","targetHints":{"allow":["GET"]}}],"collection":[{"href":"https:\/\/narieletart.com\/en\/wp-json\/wp\/v2\/product"}],"about":[{"href":"https:\/\/narieletart.com\/en\/wp-json\/wp\/v2\/types\/product"}],"replies":[{"embeddable":true,"href":"https:\/\/narieletart.com\/en\/wp-json\/wp\/v2\/comments?post=1742"}],"version-history":[{"count":0,"href":"https:\/\/narieletart.com\/en\/wp-json\/wp\/v2\/product\/1742\/revisions"}],"wp:featuredmedia":[{"embeddable":true,"href":"https:\/\/narieletart.com\/en\/wp-json\/wp\/v2\/media\/1747"}],"wp:attachment":[{"href":"https:\/\/narieletart.com\/en\/wp-json\/wp\/v2\/media?parent=1742"}],"wp:term":[{"taxonomy":"product_brand","embeddable":true,"href":"https:\/\/narieletart.com\/en\/wp-json\/wp\/v2\/product_brand?post=1742"},{"taxonomy":"product_cat","embeddable":true,"href":"https:\/\/narieletart.com\/en\/wp-json\/wp\/v2\/product_cat?post=1742"},{"taxonomy":"product_tag","embeddable":true,"href":"https:\/\/narieletart.com\/en\/wp-json\/wp\/v2\/product_tag?post=1742"}],"curies":[{"name":"wp","href":"https:\/\/api.w.org\/{rel}","templated":true}]}}