{"id":1722,"date":"2026-01-01T20:42:14","date_gmt":"2026-01-01T19:42:14","guid":{"rendered":"https:\/\/narieletart.com\/?post_type=product&#038;p=1722"},"modified":"2026-02-17T15:44:58","modified_gmt":"2026-02-17T14:44:58","slug":"rueda-del-ano-calendario-solar-2026","status":"publish","type":"product","link":"https:\/\/narieletart.com\/en\/product\/rueda-del-ano-calendario-solar-2026\/","title":{"rendered":"Rueda del A\u00f1o &#8211; Calendario solar 2026"},"content":{"rendered":"<p>Descubre la magia del ciclo anual con este Calendario Solar 2026 inspirado en la Rueda del A\u00f1o pagana. Representando las ocho festividades principales (Sabbats) y los solsticios y equinoccios, esta pieza es perfecta para conectar con la naturaleza y el ritmo de las estaciones.<\/p>\n<p>Decorado con una ilustraci\u00f3n exclusiva de dos sirenas representando las \u00e9pocas del a\u00f1o pagano de la luz y la oscuridad. Perfecto para wiccanos, druidas y amantes de las tradiciones paganas.<\/p>\n<p><strong>Caracter\u00edsticas:<\/strong><\/p>\n<ul>\n<li><strong>Viene acompa\u00f1ada de una peque\u00f1a gu\u00eda en A5 para principiantes\u00a0<\/strong><\/li>\n<li>Incluye las fechas de los Sabbats: Ostara, Beltane, Litha, Lammas, Mabon, Samhain, Yule e Imbolc.<\/li>\n<li>Incluye las lunas nuevas y llenas del a\u00f1o.<\/li>\n<li>Dise\u00f1o elegante con detalles ilustrados y decoraciones doradas.<\/li>\n<li>Ideal como herramienta pr\u00e1ctica y decorativa para tu altar o espacio personal.<\/li>\n<\/ul>\n<p>LEE <span style=\"font-size: 16px;\">ATENTAMENTE LAS MEDIDAS:<\/span><\/p>\n<p>Tama\u00f1os disponibles:<br \/>\nDinA4 &#8211; 29&#8217;7x21cm &#8211; 8&#8243;x11&#8242;<br \/>\nFirmada a mano. Papel de 200g de alta calidad.<br \/>\nEl color puede variar un poco seg\u00fan la configuraci\u00f3n de la pantalla.<\/p>\n<p>Nota: La ilustraci\u00f3n se env\u00eda sin marco, lo que le permite personalizar la presentaci\u00f3n seg\u00fan su estilo y preferencias.<\/p>\n<p>POR FAVOR, PROPORCIONE UN N\u00daMERO DE TEL\u00c9FONO CON SU PEDIDO PARA CONFIGURAR LA ENTREGA POR CORREO.<\/p>","protected":false},"excerpt":{"rendered":"<p>Descubre la magia del ciclo anual con este Calendario Solar 2026 inspirado en la Rueda del A\u00f1o pagana. Representando las ocho festividades principales (Sabbats) y los solsticios y equinoccios, esta pieza es perfecta para conectar con la naturaleza y el ritmo de las estaciones.<\/p>\n<p>Viene acompa\u00f1ada de una peque\u00f1a gu\u00eda de ideas para cada celebraci\u00f3n impresa en A5.<\/p>","protected":false},"featured_media":3251,"comment_status":"open","ping_status":"closed","template":"","meta":{"_seopress_robots_primary_cat":"none","_seopress_titles_title":"%%post_title%% %%sep%% %%sitetitle%%","_seopress_titles_desc":"Consigue este Calendario Solar 2026 inspirado en la Rueda del A\u00f1o pagana. Representando las 8 festividades principales (Sabbats) y los solsticios y equinoccios acompa\u00f1ada de una peque\u00f1a gu\u00eda para principiantes.","_seopress_robots_index":"","site-sidebar-layout":"default","site-content-layout":"","ast-site-content-layout":"default","site-content-style":"default","site-sidebar-style":"default","ast-global-header-display":"","ast-banner-title-visibility":"","ast-main-header-display":"","ast-hfb-above-header-display":"","ast-hfb-below-header-display":"","ast-hfb-mobile-header-display":"","site-post-title":"","ast-breadcrumbs-content":"","ast-featured-img":"","footer-sml-layout":"","ast-disable-related-posts":"","theme-transparent-header-meta":"default","adv-header-id-meta":"","stick-header-meta":"","header-above-stick-meta":"","header-main-stick-meta":"","header-below-stick-meta":"","astra-migrate-meta-layouts":"set","ast-page-background-enabled":"default","ast-page-background-meta":{"desktop":{"background-color":"var(--ast-global-color-4)","background-image":"","background-repeat":"repeat","background-position":"center center","background-size":"auto","background-attachment":"scroll","background-type":"","background-media":"","overlay-type":"","overlay-color":"","overlay-opacity":"","overlay-gradient":""},"tablet":{"background-color":"","background-image":"","background-repeat":"repeat","background-position":"center center","background-size":"auto","background-attachment":"scroll","background-type":"","background-media":"","overlay-type":"","overlay-color":"","overlay-opacity":"","overlay-gradient":""},"mobile":{"background-color":"","background-image":"","background-repeat":"repeat","background-position":"center center","background-size":"auto","background-attachment":"scroll","background-type":"","background-media":"","overlay-type":"","overlay-color":"","overlay-opacity":"","overlay-gradient":""}},"ast-content-background-meta":{"desktop":{"background-color":"var(--ast-global-color-5)","background-image":"","background-repeat":"repeat","background-position":"center center","background-size":"auto","background-attachment":"scroll","background-type":"","background-media":"","overlay-type":"","overlay-color":"","overlay-opacity":"","overlay-gradient":""},"tablet":{"background-color":"var(--ast-global-color-5)","background-image":"","background-repeat":"repeat","background-position":"center center","background-size":"auto","background-attachment":"scroll","background-type":"","background-media":"","overlay-type":"","overlay-color":"","overlay-opacity":"","overlay-gradient":""},"mobile":{"background-color":"var(--ast-global-color-5)","background-image":"","background-repeat":"repeat","background-position":"center center","background-size":"auto","background-attachment":"scroll","background-type":"","background-media":"","overlay-type":"","overlay-color":"","overlay-opacity":"","overlay-gradient":""}}},"product_brand":[],"product_cat":[19],"product_tag":[273,52,53,275,121,87,272,274,107],"class_list":{"0":"post-1722","1":"product","2":"type-product","3":"status-publish","4":"has-post-thumbnail","6":"product_cat-art-prints","7":"product_tag-calendario-solar","8":"product_tag-illustration","9":"product_tag-ink","10":"product_tag-mermaids","11":"product_tag-nordic","12":"product_tag-pagan","13":"product_tag-rueda-del-ano","14":"product_tag-sirenas","15":"product_tag-wiccan","16":"product_shipping_class-certificado","17":"desktop-align-center","18":"tablet-align-left","19":"mobile-align-left","21":"first","22":"instock","23":"taxable","24":"shipping-taxable","25":"purchasable","26":"product-type-simple"},"_links":{"self":[{"href":"https:\/\/narieletart.com\/en\/wp-json\/wp\/v2\/product\/1722","targetHints":{"allow":["GET"]}}],"collection":[{"href":"https:\/\/narieletart.com\/en\/wp-json\/wp\/v2\/product"}],"about":[{"href":"https:\/\/narieletart.com\/en\/wp-json\/wp\/v2\/types\/product"}],"replies":[{"embeddable":true,"href":"https:\/\/narieletart.com\/en\/wp-json\/wp\/v2\/comments?post=1722"}],"version-history":[{"count":0,"href":"https:\/\/narieletart.com\/en\/wp-json\/wp\/v2\/product\/1722\/revisions"}],"wp:featuredmedia":[{"embeddable":true,"href":"https:\/\/narieletart.com\/en\/wp-json\/wp\/v2\/media\/3251"}],"wp:attachment":[{"href":"https:\/\/narieletart.com\/en\/wp-json\/wp\/v2\/media?parent=1722"}],"wp:term":[{"taxonomy":"product_brand","embeddable":true,"href":"https:\/\/narieletart.com\/en\/wp-json\/wp\/v2\/product_brand?post=1722"},{"taxonomy":"product_cat","embeddable":true,"href":"https:\/\/narieletart.com\/en\/wp-json\/wp\/v2\/product_cat?post=1722"},{"taxonomy":"product_tag","embeddable":true,"href":"https:\/\/narieletart.com\/en\/wp-json\/wp\/v2\/product_tag?post=1722"}],"curies":[{"name":"wp","href":"https:\/\/api.w.org\/{rel}","templated":true}]}}