{"id":1630,"date":"2024-10-30T15:47:28","date_gmt":"2024-10-30T14:47:28","guid":{"rendered":"https:\/\/narieletart.com\/?post_type=product&#038;p=1630"},"modified":"2026-04-18T21:41:54","modified_gmt":"2026-04-18T19:41:54","slug":"venta-benefica-imprimible-digital-forest-spirit-el-zorro-astado","status":"publish","type":"product","link":"https:\/\/narieletart.com\/en\/product\/venta-benefica-imprimible-digital-forest-spirit-el-zorro-astado\/","title":{"rendered":"Venta Ben\u00e9fica &#8211; IMPRIMIBLE DIGITAL &#8211; Forest spirit &#8211; el zorro astado"},"content":{"rendered":"<p><span style=\"text-decoration: underline;\"><strong>VENTA\u00a0BEN\u00c9FICA<\/strong><\/span><\/p>\n<p>El beneficio de este producto ser\u00e1 <strong>INTEGRO<\/strong> para ayudar a las protectoras de animales afectadas por la DANA en Valencia<\/p>\n<p>Es un <strong>ARCHIVO IMPRIMIBLE (IMPRESI\u00d3N DIGITAL, NO ART\u00cdCULO F\u00cdSICO)<\/strong>, por lo que este art\u00edculo<strong> NO SE ENVIAR\u00c1.<\/strong><br \/>\nDespu\u00e9s de tu compra, recibir\u00e1s un correo electr\u00f3nico con la confirmaci\u00f3n de la compra y el enlace para descargar<\/p>\n<p>Recibir\u00e1s un archivo comprimido con 2 archivos:<\/p>\n<ul>\n<li>1 archivo TIFF imprimible de 300 dpi<\/li>\n<li>1 archivo PDF imprimible 300 dpi<\/li>\n<\/ul>\n<p>Tama\u00f1o ideal para imprimir: \u00a0DinA4 &#8211; 29&#8217;7x21cm &#8211; 8&#8243;x11&#8221;<\/p>\n<p>EST\u00c1 PROHIBIDA SU VENTA<\/p>\n<p>El color puede variar un poco seg\u00fan la configuraci\u00f3n de la pantalla.<\/p>\n<p>&nbsp;<\/p>","protected":false},"excerpt":{"rendered":"<p>\ud83c\udf3b VENTA BEN\u00c9FICA:<br \/>\nEl beneficio de este producto ser\u00e1 <strong>\u00cdNTEGRO<\/strong> para ayudar a las protectoras de animales afectadas por la DANA en Valencia<br \/>\nEsta es una ilustraci\u00f3n decorativa de un zorro cornudo, que representa un esp\u00edritu del bosque encarnado por un zorro cornudo, rodeado de plantas, flores y hongos oto\u00f1ales.<\/p>","protected":false},"featured_media":1633,"comment_status":"open","ping_status":"closed","template":"","meta":{"_seopress_robots_primary_cat":"none","_seopress_titles_title":"%%post_title%% %%sep%% %%sitetitle%%","_seopress_titles_desc":"VENTA BEN\u00c9FICA: Ilustraci\u00f3n decorativa de un zorro astado, que representa un esp\u00edritu del bosque rodeado de plantas, flores y hongos oto\u00f1ales.","_seopress_robots_index":"","site-sidebar-layout":"default","site-content-layout":"","ast-site-content-layout":"default","site-content-style":"default","site-sidebar-style":"default","ast-global-header-display":"","ast-banner-title-visibility":"","ast-main-header-display":"","ast-hfb-above-header-display":"","ast-hfb-below-header-display":"","ast-hfb-mobile-header-display":"","site-post-title":"","ast-breadcrumbs-content":"","ast-featured-img":"","footer-sml-layout":"","ast-disable-related-posts":"","theme-transparent-header-meta":"default","adv-header-id-meta":"","stick-header-meta":"","header-above-stick-meta":"","header-main-stick-meta":"","header-below-stick-meta":"","astra-migrate-meta-layouts":"set","ast-page-background-enabled":"default","ast-page-background-meta":{"desktop":{"background-color":"var(--ast-global-color-4)","background-image":"","background-repeat":"repeat","background-position":"center center","background-size":"auto","background-attachment":"scroll","background-type":"","background-media":"","overlay-type":"","overlay-color":"","overlay-opacity":"","overlay-gradient":""},"tablet":{"background-color":"","background-image":"","background-repeat":"repeat","background-position":"center center","background-size":"auto","background-attachment":"scroll","background-type":"","background-media":"","overlay-type":"","overlay-color":"","overlay-opacity":"","overlay-gradient":""},"mobile":{"background-color":"","background-image":"","background-repeat":"repeat","background-position":"center center","background-size":"auto","background-attachment":"scroll","background-type":"","background-media":"","overlay-type":"","overlay-color":"","overlay-opacity":"","overlay-gradient":""}},"ast-content-background-meta":{"desktop":{"background-color":"var(--ast-global-color-5)","background-image":"","background-repeat":"repeat","background-position":"center center","background-size":"auto","background-attachment":"scroll","background-type":"","background-media":"","overlay-type":"","overlay-color":"","overlay-opacity":"","overlay-gradient":""},"tablet":{"background-color":"var(--ast-global-color-5)","background-image":"","background-repeat":"repeat","background-position":"center center","background-size":"auto","background-attachment":"scroll","background-type":"","background-media":"","overlay-type":"","overlay-color":"","overlay-opacity":"","overlay-gradient":""},"mobile":{"background-color":"var(--ast-global-color-5)","background-image":"","background-repeat":"repeat","background-position":"center center","background-size":"auto","background-attachment":"scroll","background-type":"","background-media":"","overlay-type":"","overlay-color":"","overlay-opacity":"","overlay-gradient":""}}},"product_brand":[],"product_cat":[19],"product_tag":[112,106,105,52,111,53,114,107,113],"class_list":{"0":"post-1630","1":"product","2":"type-product","3":"status-publish","4":"has-post-thumbnail","6":"product_cat-art-prints","7":"product_tag-espiritu-bosque","8":"product_tag-forest-spirit","9":"product_tag-fox","10":"product_tag-illustration","11":"product_tag-ilustracion","12":"product_tag-ink","13":"product_tag-tinta","14":"product_tag-wiccan","15":"product_tag-zorro","16":"desktop-align-center","17":"tablet-align-left","18":"mobile-align-left","20":"first","21":"instock","22":"downloadable","23":"virtual","24":"purchasable","25":"product-type-simple"},"_links":{"self":[{"href":"https:\/\/narieletart.com\/en\/wp-json\/wp\/v2\/product\/1630","targetHints":{"allow":["GET"]}}],"collection":[{"href":"https:\/\/narieletart.com\/en\/wp-json\/wp\/v2\/product"}],"about":[{"href":"https:\/\/narieletart.com\/en\/wp-json\/wp\/v2\/types\/product"}],"replies":[{"embeddable":true,"href":"https:\/\/narieletart.com\/en\/wp-json\/wp\/v2\/comments?post=1630"}],"version-history":[{"count":0,"href":"https:\/\/narieletart.com\/en\/wp-json\/wp\/v2\/product\/1630\/revisions"}],"wp:featuredmedia":[{"embeddable":true,"href":"https:\/\/narieletart.com\/en\/wp-json\/wp\/v2\/media\/1633"}],"wp:attachment":[{"href":"https:\/\/narieletart.com\/en\/wp-json\/wp\/v2\/media?parent=1630"}],"wp:term":[{"taxonomy":"product_brand","embeddable":true,"href":"https:\/\/narieletart.com\/en\/wp-json\/wp\/v2\/product_brand?post=1630"},{"taxonomy":"product_cat","embeddable":true,"href":"https:\/\/narieletart.com\/en\/wp-json\/wp\/v2\/product_cat?post=1630"},{"taxonomy":"product_tag","embeddable":true,"href":"https:\/\/narieletart.com\/en\/wp-json\/wp\/v2\/product_tag?post=1630"}],"curies":[{"name":"wp","href":"https:\/\/api.w.org\/{rel}","templated":true}]}}