{"id":1614,"date":"2024-10-24T20:11:07","date_gmt":"2024-10-24T18:11:07","guid":{"rendered":"https:\/\/narieletart.com\/?post_type=product&#038;p=1614"},"modified":"2026-04-18T19:51:01","modified_gmt":"2026-04-18T17:51:01","slug":"kawaii-boo-sticker-pack","status":"publish","type":"product","link":"https:\/\/narieletart.com\/en\/product\/kawaii-boo-sticker-pack\/","title":{"rendered":"Kawaii boo &#8211; Sticker pack"},"content":{"rendered":"<p>Sticker pack de la colecci\u00f3n &#8220;Kawaii Boo&#8221;, 9 dise\u00f1os diferentes de unos peque\u00f1os fantasmas enmarcados en la festividad de Halloween. Cada pegatina mide aproximadamente 6 cent\u00edmetros de alto.<\/p>\n<p>Alto: 6 cent\u00edmetros.<\/p>\n<p>El color puede variar de una pantalla a otra.<\/p>","protected":false},"excerpt":{"rendered":"<p>Sticker pack de la colecci\u00f3n &#8220;Kawaii Boo&#8221;, 9 dise\u00f1os diferentes de unos peque\u00f1os fantasmas enmarcados en la festividad de Halloween.<br \/>\nAlto: 6 cent\u00edmetros.<\/p>","protected":false},"featured_media":1609,"comment_status":"open","ping_status":"closed","template":"","meta":{"_seopress_robots_primary_cat":"none","_seopress_titles_title":"%%post_title%% %%sep%% %%sitetitle%%","_seopress_titles_desc":"Sticker pack de la colecci\u00f3n \"Kawaii Boo\", 9 dise\u00f1os diferentes de unos peque\u00f1os fantasmas enmarcados en la festividad de Halloween.","_seopress_robots_index":"","site-sidebar-layout":"default","site-content-layout":"","ast-site-content-layout":"default","site-content-style":"default","site-sidebar-style":"default","ast-global-header-display":"","ast-banner-title-visibility":"","ast-main-header-display":"","ast-hfb-above-header-display":"","ast-hfb-below-header-display":"","ast-hfb-mobile-header-display":"","site-post-title":"","ast-breadcrumbs-content":"","ast-featured-img":"","footer-sml-layout":"","ast-disable-related-posts":"","theme-transparent-header-meta":"default","adv-header-id-meta":"","stick-header-meta":"","header-above-stick-meta":"","header-main-stick-meta":"","header-below-stick-meta":"","astra-migrate-meta-layouts":"set","ast-page-background-enabled":"default","ast-page-background-meta":{"desktop":{"background-color":"var(--ast-global-color-4)","background-image":"","background-repeat":"repeat","background-position":"center center","background-size":"auto","background-attachment":"scroll","background-type":"","background-media":"","overlay-type":"","overlay-color":"","overlay-opacity":"","overlay-gradient":""},"tablet":{"background-color":"","background-image":"","background-repeat":"repeat","background-position":"center center","background-size":"auto","background-attachment":"scroll","background-type":"","background-media":"","overlay-type":"","overlay-color":"","overlay-opacity":"","overlay-gradient":""},"mobile":{"background-color":"","background-image":"","background-repeat":"repeat","background-position":"center center","background-size":"auto","background-attachment":"scroll","background-type":"","background-media":"","overlay-type":"","overlay-color":"","overlay-opacity":"","overlay-gradient":""}},"ast-content-background-meta":{"desktop":{"background-color":"var(--ast-global-color-5)","background-image":"","background-repeat":"repeat","background-position":"center center","background-size":"auto","background-attachment":"scroll","background-type":"","background-media":"","overlay-type":"","overlay-color":"","overlay-opacity":"","overlay-gradient":""},"tablet":{"background-color":"var(--ast-global-color-5)","background-image":"","background-repeat":"repeat","background-position":"center center","background-size":"auto","background-attachment":"scroll","background-type":"","background-media":"","overlay-type":"","overlay-color":"","overlay-opacity":"","overlay-gradient":""},"mobile":{"background-color":"var(--ast-global-color-5)","background-image":"","background-repeat":"repeat","background-position":"center center","background-size":"auto","background-attachment":"scroll","background-type":"","background-media":"","overlay-type":"","overlay-color":"","overlay-opacity":"","overlay-gradient":""}}},"product_brand":[],"product_cat":[28],"product_tag":[138,67,65,157,64,66,63,156,62],"class_list":{"0":"post-1614","1":"product","2":"type-product","3":"status-publish","4":"has-post-thumbnail","6":"product_cat-stickers","7":"product_tag-cupcake","8":"product_tag-cute","9":"product_tag-cute-boo","10":"product_tag-fantasma","11":"product_tag-ghost","12":"product_tag-halloween","13":"product_tag-kawaii","14":"product_tag-potion","15":"product_tag-sticker-pack","16":"desktop-align-center","17":"tablet-align-left","18":"mobile-align-left","20":"first","21":"instock","22":"taxable","23":"shipping-taxable","24":"purchasable","25":"product-type-simple"},"_links":{"self":[{"href":"https:\/\/narieletart.com\/en\/wp-json\/wp\/v2\/product\/1614","targetHints":{"allow":["GET"]}}],"collection":[{"href":"https:\/\/narieletart.com\/en\/wp-json\/wp\/v2\/product"}],"about":[{"href":"https:\/\/narieletart.com\/en\/wp-json\/wp\/v2\/types\/product"}],"replies":[{"embeddable":true,"href":"https:\/\/narieletart.com\/en\/wp-json\/wp\/v2\/comments?post=1614"}],"version-history":[{"count":0,"href":"https:\/\/narieletart.com\/en\/wp-json\/wp\/v2\/product\/1614\/revisions"}],"wp:featuredmedia":[{"embeddable":true,"href":"https:\/\/narieletart.com\/en\/wp-json\/wp\/v2\/media\/1609"}],"wp:attachment":[{"href":"https:\/\/narieletart.com\/en\/wp-json\/wp\/v2\/media?parent=1614"}],"wp:term":[{"taxonomy":"product_brand","embeddable":true,"href":"https:\/\/narieletart.com\/en\/wp-json\/wp\/v2\/product_brand?post=1614"},{"taxonomy":"product_cat","embeddable":true,"href":"https:\/\/narieletart.com\/en\/wp-json\/wp\/v2\/product_cat?post=1614"},{"taxonomy":"product_tag","embeddable":true,"href":"https:\/\/narieletart.com\/en\/wp-json\/wp\/v2\/product_tag?post=1614"}],"curies":[{"name":"wp","href":"https:\/\/api.w.org\/{rel}","templated":true}]}}