{"id":1574,"date":"2024-10-16T19:03:05","date_gmt":"2024-10-16T17:03:05","guid":{"rendered":"https:\/\/narieletart.com\/?post_type=product&#038;p=1574"},"modified":"2025-07-31T16:30:08","modified_gmt":"2025-07-31T14:30:08","slug":"witchy-hand-la-serpiente","status":"publish","type":"product","link":"https:\/\/narieletart.com\/en\/product\/witchy-hand-la-serpiente\/","title":{"rendered":"Witchy Hand &#8211; La serpiente"},"content":{"rendered":"<p><strong>Ideal para:<\/strong><\/p>\n<ul>\n<li>Amantes de la est\u00e9tica oscura, g\u00f3tica y amantes del tarot.<\/li>\n<li>Perfecto para paganos y witchy.<\/li>\n<li>Regalo perfecto tanto paganos y de los tatuajes<\/li>\n<\/ul>\n<p>&nbsp;<\/p>\n<p>LEE <span style=\"font-size: 16px;\">ATENTAMENTE LAS MEDIDAS:<\/span><\/p>\n<p>Tama\u00f1os disponibles:<br \/>\nDinA4 &#8211; 29&#8217;7x21cm &#8211; 8&#8243;x11&#8221; \/ DinA5 &#8212; 14.8x21cm &#8212; 5.8&#8243;x8.3&#8243;<br \/>\nFirmada a mano. Papel mate de 300 g de alta calidad.<br \/>\nEl color puede variar un poco seg\u00fan la configuraci\u00f3n de la pantalla.<\/p>\n<p>Nota: La ilustraci\u00f3n se env\u00eda sin marco, lo que le permite personalizar la presentaci\u00f3n seg\u00fan su estilo y preferencias.<\/p>\n<p>POR FAVOR, PROPORCIONE UN N\u00daMERO DE TEL\u00c9FONO CON SU PEDIDO PARA CONFIGURAR LA ENTREGA POR CORREO.<\/p>","protected":false},"excerpt":{"rendered":"<p>Ilustraci\u00f3n de inspiraci\u00f3n witchy de una mano tatuada sujetando una serpiente Representando la sabidur\u00eda, la longevidad y la inmortalidad.<br \/>\nRegalo perfecto para paganos, amantes de los tatuajes o gente interesada en la magia.<\/p>","protected":false},"featured_media":1561,"comment_status":"open","ping_status":"closed","template":"","meta":{"_seopress_robots_primary_cat":"none","_seopress_titles_title":"%%post_title%% %%sep%% %%sitetitle%%","_seopress_titles_desc":"Ilustraci\u00f3n de inspiraci\u00f3n witchy de una mano tatuada sujetando una serpiente Representando la sabidur\u00eda, la longevidad y la inmortalidad.","_seopress_robots_index":"","site-sidebar-layout":"default","site-content-layout":"","ast-site-content-layout":"default","site-content-style":"default","site-sidebar-style":"default","ast-global-header-display":"","ast-banner-title-visibility":"","ast-main-header-display":"","ast-hfb-above-header-display":"","ast-hfb-below-header-display":"","ast-hfb-mobile-header-display":"","site-post-title":"","ast-breadcrumbs-content":"","ast-featured-img":"","footer-sml-layout":"","ast-disable-related-posts":"","theme-transparent-header-meta":"default","adv-header-id-meta":"","stick-header-meta":"","header-above-stick-meta":"","header-main-stick-meta":"","header-below-stick-meta":"","astra-migrate-meta-layouts":"set","ast-page-background-enabled":"default","ast-page-background-meta":{"desktop":{"background-color":"var(--ast-global-color-4)","background-image":"","background-repeat":"repeat","background-position":"center center","background-size":"auto","background-attachment":"scroll","background-type":"","background-media":"","overlay-type":"","overlay-color":"","overlay-opacity":"","overlay-gradient":""},"tablet":{"background-color":"","background-image":"","background-repeat":"repeat","background-position":"center center","background-size":"auto","background-attachment":"scroll","background-type":"","background-media":"","overlay-type":"","overlay-color":"","overlay-opacity":"","overlay-gradient":""},"mobile":{"background-color":"","background-image":"","background-repeat":"repeat","background-position":"center center","background-size":"auto","background-attachment":"scroll","background-type":"","background-media":"","overlay-type":"","overlay-color":"","overlay-opacity":"","overlay-gradient":""}},"ast-content-background-meta":{"desktop":{"background-color":"var(--ast-global-color-5)","background-image":"","background-repeat":"repeat","background-position":"center center","background-size":"auto","background-attachment":"scroll","background-type":"","background-media":"","overlay-type":"","overlay-color":"","overlay-opacity":"","overlay-gradient":""},"tablet":{"background-color":"var(--ast-global-color-5)","background-image":"","background-repeat":"repeat","background-position":"center center","background-size":"auto","background-attachment":"scroll","background-type":"","background-media":"","overlay-type":"","overlay-color":"","overlay-opacity":"","overlay-gradient":""},"mobile":{"background-color":"var(--ast-global-color-5)","background-image":"","background-repeat":"repeat","background-position":"center center","background-size":"auto","background-attachment":"scroll","background-type":"","background-media":"","overlay-type":"","overlay-color":"","overlay-opacity":"","overlay-gradient":""}}},"product_brand":[],"product_cat":[19],"product_tag":[52,53,104,87,149,90,118,150,81,148],"class_list":{"0":"post-1574","1":"product","2":"type-product","3":"status-publish","4":"has-post-thumbnail","6":"product_cat-art-prints","7":"product_tag-illustration","8":"product_tag-ink","9":"product_tag-moon","10":"product_tag-pagan","11":"product_tag-tarot","12":"product_tag-tattoo","13":"product_tag-tatuaje","14":"product_tag-vela","15":"product_tag-watercolour","16":"product_tag-witchy","17":"product_shipping_class-certificado","18":"desktop-align-center","19":"tablet-align-left","20":"mobile-align-left","22":"first","23":"instock","24":"taxable","25":"shipping-taxable","26":"purchasable","27":"product-type-variable"},"_links":{"self":[{"href":"https:\/\/narieletart.com\/en\/wp-json\/wp\/v2\/product\/1574","targetHints":{"allow":["GET"]}}],"collection":[{"href":"https:\/\/narieletart.com\/en\/wp-json\/wp\/v2\/product"}],"about":[{"href":"https:\/\/narieletart.com\/en\/wp-json\/wp\/v2\/types\/product"}],"replies":[{"embeddable":true,"href":"https:\/\/narieletart.com\/en\/wp-json\/wp\/v2\/comments?post=1574"}],"version-history":[{"count":0,"href":"https:\/\/narieletart.com\/en\/wp-json\/wp\/v2\/product\/1574\/revisions"}],"wp:featuredmedia":[{"embeddable":true,"href":"https:\/\/narieletart.com\/en\/wp-json\/wp\/v2\/media\/1561"}],"wp:attachment":[{"href":"https:\/\/narieletart.com\/en\/wp-json\/wp\/v2\/media?parent=1574"}],"wp:term":[{"taxonomy":"product_brand","embeddable":true,"href":"https:\/\/narieletart.com\/en\/wp-json\/wp\/v2\/product_brand?post=1574"},{"taxonomy":"product_cat","embeddable":true,"href":"https:\/\/narieletart.com\/en\/wp-json\/wp\/v2\/product_cat?post=1574"},{"taxonomy":"product_tag","embeddable":true,"href":"https:\/\/narieletart.com\/en\/wp-json\/wp\/v2\/product_tag?post=1574"}],"curies":[{"name":"wp","href":"https:\/\/api.w.org\/{rel}","templated":true}]}}