{"id":1529,"date":"2024-10-16T15:07:29","date_gmt":"2024-10-16T13:07:29","guid":{"rendered":"https:\/\/narieletart.com\/?post_type=product&#038;p=1529"},"modified":"2024-12-08T12:57:27","modified_gmt":"2024-12-08T11:57:27","slug":"little-mermaid-new-tattoo","status":"publish","type":"product","link":"https:\/\/narieletart.com\/en\/product\/little-mermaid-new-tattoo\/","title":{"rendered":"Little Mermaid New- Tattoo"},"content":{"rendered":"<p><strong>Ideal para:<\/strong><\/p>\n<ul>\n<li>Amantes del las princesas Disney y de Ariel<\/li>\n<li>Amantes de los tatuajes y la est\u00e9tica punk<\/li>\n<li>Regalo perfecto tanto para adultos y ni\u00f1os.<\/li>\n<\/ul>\n<p>&nbsp;<\/p>\n<p>LEE <span style=\"font-size: 16px;\">ATENTAMENTE LAS MEDIDAS:<\/span><\/p>\n<p>Tama\u00f1os disponibles:<br \/>\nDinA4 &#8211; 29&#8217;7x21cm &#8211; 8&#8243;x11&#8221; \/ DinA5 &#8212; 14.8x21cm &#8212; 5.8&#8243;x8.3&#8243;<br \/>\nFirmada a mano. Papel mate de 300 g de alta calidad.<br \/>\nEl color puede variar un poco seg\u00fan la configuraci\u00f3n de la pantalla.<\/p>\n<p>Nota: La ilustraci\u00f3n se env\u00eda sin marco, lo que le permite personalizar la presentaci\u00f3n seg\u00fan su estilo y preferencias.<\/p>\n<p>POR FAVOR, PROPORCIONE UN N\u00daMERO DE TEL\u00c9FONO CON SU PEDIDO PARA CONFIGURAR LA ENTREGA POR CORREO.<\/p>","protected":false},"excerpt":{"rendered":"<p>Ilustraci\u00f3n inspirada en Ariel, la Sirenita del cuento cl\u00e1sico en la versi\u00f3n Live Action. En este caso reinterpretada con un look m\u00e1s urbano con tatuajes llenos de detalles de la pel\u00edcula.<\/p>","protected":false},"featured_media":1526,"comment_status":"open","ping_status":"closed","template":"","meta":{"_seopress_robots_primary_cat":"none","_seopress_titles_title":"%%post_title%% %%sep%% %%sitetitle%%","_seopress_titles_desc":"Ilustraci\u00f3n inspirada en Ariel, la Sirenita del cuento cl\u00e1sico en la versi\u00f3n Live Action. En este caso reinterpretada con un look m\u00e1s urbano con tatuajes llenos de detalles de la pel\u00edcula.","_seopress_robots_index":"","site-sidebar-layout":"default","site-content-layout":"","ast-site-content-layout":"default","site-content-style":"default","site-sidebar-style":"default","ast-global-header-display":"","ast-banner-title-visibility":"","ast-main-header-display":"","ast-hfb-above-header-display":"","ast-hfb-below-header-display":"","ast-hfb-mobile-header-display":"","site-post-title":"","ast-breadcrumbs-content":"","ast-featured-img":"","footer-sml-layout":"","ast-disable-related-posts":"","theme-transparent-header-meta":"default","adv-header-id-meta":"","stick-header-meta":"","header-above-stick-meta":"","header-main-stick-meta":"","header-below-stick-meta":"","astra-migrate-meta-layouts":"set","ast-page-background-enabled":"default","ast-page-background-meta":{"desktop":{"background-color":"var(--ast-global-color-4)","background-image":"","background-repeat":"repeat","background-position":"center center","background-size":"auto","background-attachment":"scroll","background-type":"","background-media":"","overlay-type":"","overlay-color":"","overlay-opacity":"","overlay-gradient":""},"tablet":{"background-color":"","background-image":"","background-repeat":"repeat","background-position":"center center","background-size":"auto","background-attachment":"scroll","background-type":"","background-media":"","overlay-type":"","overlay-color":"","overlay-opacity":"","overlay-gradient":""},"mobile":{"background-color":"","background-image":"","background-repeat":"repeat","background-position":"center center","background-size":"auto","background-attachment":"scroll","background-type":"","background-media":"","overlay-type":"","overlay-color":"","overlay-opacity":"","overlay-gradient":""}},"ast-content-background-meta":{"desktop":{"background-color":"var(--ast-global-color-5)","background-image":"","background-repeat":"repeat","background-position":"center center","background-size":"auto","background-attachment":"scroll","background-type":"","background-media":"","overlay-type":"","overlay-color":"","overlay-opacity":"","overlay-gradient":""},"tablet":{"background-color":"var(--ast-global-color-5)","background-image":"","background-repeat":"repeat","background-position":"center center","background-size":"auto","background-attachment":"scroll","background-type":"","background-media":"","overlay-type":"","overlay-color":"","overlay-opacity":"","overlay-gradient":""},"mobile":{"background-color":"var(--ast-global-color-5)","background-image":"","background-repeat":"repeat","background-position":"center center","background-size":"auto","background-attachment":"scroll","background-type":"","background-media":"","overlay-type":"","overlay-color":"","overlay-opacity":"","overlay-gradient":""}}},"product_brand":[],"product_cat":[19],"product_tag":[143,52,53,142,104,141,90,118,81],"class_list":{"0":"post-1529","1":"product","2":"type-product","3":"status-publish","4":"has-post-thumbnail","6":"product_cat-art-prints","7":"product_tag-disney","8":"product_tag-illustration","9":"product_tag-ink","10":"product_tag-little-mermaid","11":"product_tag-moon","12":"product_tag-sirenita","13":"product_tag-tattoo","14":"product_tag-tatuaje","15":"product_tag-watercolour","16":"product_shipping_class-certificado","17":"desktop-align-center","18":"tablet-align-left","19":"mobile-align-left","21":"first","22":"instock","23":"taxable","24":"shipping-taxable","25":"purchasable","26":"product-type-variable"},"_links":{"self":[{"href":"https:\/\/narieletart.com\/en\/wp-json\/wp\/v2\/product\/1529","targetHints":{"allow":["GET"]}}],"collection":[{"href":"https:\/\/narieletart.com\/en\/wp-json\/wp\/v2\/product"}],"about":[{"href":"https:\/\/narieletart.com\/en\/wp-json\/wp\/v2\/types\/product"}],"replies":[{"embeddable":true,"href":"https:\/\/narieletart.com\/en\/wp-json\/wp\/v2\/comments?post=1529"}],"version-history":[{"count":0,"href":"https:\/\/narieletart.com\/en\/wp-json\/wp\/v2\/product\/1529\/revisions"}],"wp:featuredmedia":[{"embeddable":true,"href":"https:\/\/narieletart.com\/en\/wp-json\/wp\/v2\/media\/1526"}],"wp:attachment":[{"href":"https:\/\/narieletart.com\/en\/wp-json\/wp\/v2\/media?parent=1529"}],"wp:term":[{"taxonomy":"product_brand","embeddable":true,"href":"https:\/\/narieletart.com\/en\/wp-json\/wp\/v2\/product_brand?post=1529"},{"taxonomy":"product_cat","embeddable":true,"href":"https:\/\/narieletart.com\/en\/wp-json\/wp\/v2\/product_cat?post=1529"},{"taxonomy":"product_tag","embeddable":true,"href":"https:\/\/narieletart.com\/en\/wp-json\/wp\/v2\/product_tag?post=1529"}],"curies":[{"name":"wp","href":"https:\/\/api.w.org\/{rel}","templated":true}]}}