{"id":1254,"date":"2024-08-12T18:36:43","date_gmt":"2024-08-12T16:36:43","guid":{"rendered":"https:\/\/narieletart.com\/?post_type=product&#038;p=1254"},"modified":"2026-02-18T19:45:47","modified_gmt":"2026-02-18T18:45:47","slug":"joker-illustration-watercolour-poster-batman","status":"publish","type":"product","link":"https:\/\/narieletart.com\/en\/product\/joker-illustration-watercolour-poster-batman\/","title":{"rendered":"The Joker"},"content":{"rendered":"<p>Todos los grandes h\u00e9roes se hacen grandes por la grandeza de sus villanos, y el villano m\u00e1s ic\u00f3nico para m\u00ed es El Joker. Esta ilustraci\u00f3n est\u00e1 inspirada en el dise\u00f1o cl\u00e1sico, incluyendo detalles del Joker de Jack Nicholson, la locura del dise\u00f1o de Azarello y Brian Bolland, el ilustrador del famoso Joker de \u201cLa Broma Asesina\u201d.<\/p>\n<p>Son una gran franquicia de la saga Batman, tanto de los c\u00f3mics como de las pel\u00edculas y ten\u00eda muchas ganas de compartir mi amor por el personaje con esta ilustraci\u00f3n.<\/p>\n<p>Ideal para:<\/p>\n<ul>\n<li>Esta ilustraci\u00f3n es ideal para decorar tu oficina, estudio o cualquier espacio que necesite un toque de estilo \u00fanico.<\/li>\n<li>Perfecta para fans de los c\u00f3mics, coleccionistas de arte y cualquier persona que aprecie el arte pop con un toque oscuro.<\/li>\n<\/ul>\n<p>LEA ATENTAMENTE LAS MEDIDAS:<\/p>\n<p>Tama\u00f1os disponibles:<br \/>\nDinA4 &#8211; 29&#8217;7x21cm &#8211; 8&#8243;x11&#8221; \/ DinA5 &#8212; 14.8x21cm &#8212; 5.8&#8243;x8.3&#8243;<br \/>\nFirmada a mano. Papel mate de 300 g de alta calidad.<br \/>\nEl color puede variar un poco seg\u00fan la configuraci\u00f3n de la pantalla.<\/p>\n<p>Nota: La ilustraci\u00f3n se env\u00eda sin marco, lo que le permite personalizar la presentaci\u00f3n seg\u00fan su estilo y preferencias.<\/p>\n<p>POR FAVOR, PROPORCIONE UN N\u00daMERO DE TEL\u00c9FONO CON SU PEDIDO PARA CONFIGURAR LA ENTREGA POR CORREO.<\/p>","protected":false},"excerpt":{"rendered":"<p>Todos los grandes h\u00e9roes se hacen grandes por la grandeza de sus villanos, y el villano m\u00e1s ic\u00f3nico para m\u00ed es El Joker. Esta ilustraci\u00f3n est\u00e1 inspirada en el dise\u00f1o cl\u00e1sico, incluyendo detalles del Joker de Jack Nicholson, la locura del dise\u00f1o de Azarello y Brian Bolland, el ilustrador del famoso Joker de \u201cLa Broma Asesina\u201d.<\/p>","protected":false},"featured_media":1301,"comment_status":"open","ping_status":"closed","template":"","meta":{"_seopress_robots_primary_cat":"none","_seopress_titles_title":"%%post_title%% %%sep%% %%sitetitle%%","_seopress_titles_desc":"Ilustraci\u00f3n inspirada en el dise\u00f1o cl\u00e1sico de El Joker, que incluye detalles del Joker de Jack Nicholson y Brian Bolland. Regalo perfecto para fans de Batman.","_seopress_robots_index":"","site-sidebar-layout":"default","site-content-layout":"","ast-site-content-layout":"default","site-content-style":"default","site-sidebar-style":"default","ast-global-header-display":"","ast-banner-title-visibility":"","ast-main-header-display":"","ast-hfb-above-header-display":"","ast-hfb-below-header-display":"","ast-hfb-mobile-header-display":"","site-post-title":"","ast-breadcrumbs-content":"","ast-featured-img":"","footer-sml-layout":"","ast-disable-related-posts":"","theme-transparent-header-meta":"default","adv-header-id-meta":"","stick-header-meta":"","header-above-stick-meta":"","header-main-stick-meta":"","header-below-stick-meta":"","astra-migrate-meta-layouts":"set","ast-page-background-enabled":"default","ast-page-background-meta":{"desktop":{"background-color":"var(--ast-global-color-4)","background-image":"","background-repeat":"repeat","background-position":"center center","background-size":"auto","background-attachment":"scroll","background-type":"","background-media":"","overlay-type":"","overlay-color":"","overlay-opacity":"","overlay-gradient":""},"tablet":{"background-color":"","background-image":"","background-repeat":"repeat","background-position":"center center","background-size":"auto","background-attachment":"scroll","background-type":"","background-media":"","overlay-type":"","overlay-color":"","overlay-opacity":"","overlay-gradient":""},"mobile":{"background-color":"","background-image":"","background-repeat":"repeat","background-position":"center center","background-size":"auto","background-attachment":"scroll","background-type":"","background-media":"","overlay-type":"","overlay-color":"","overlay-opacity":"","overlay-gradient":""}},"ast-content-background-meta":{"desktop":{"background-color":"var(--ast-global-color-5)","background-image":"","background-repeat":"repeat","background-position":"center center","background-size":"auto","background-attachment":"scroll","background-type":"","background-media":"","overlay-type":"","overlay-color":"","overlay-opacity":"","overlay-gradient":""},"tablet":{"background-color":"var(--ast-global-color-5)","background-image":"","background-repeat":"repeat","background-position":"center center","background-size":"auto","background-attachment":"scroll","background-type":"","background-media":"","overlay-type":"","overlay-color":"","overlay-opacity":"","overlay-gradient":""},"mobile":{"background-color":"var(--ast-global-color-5)","background-image":"","background-repeat":"repeat","background-position":"center center","background-size":"auto","background-attachment":"scroll","background-type":"","background-media":"","overlay-type":"","overlay-color":"","overlay-opacity":"","overlay-gradient":""}}},"product_brand":[],"product_cat":[19],"product_tag":[109,108,52,81],"class_list":{"0":"post-1254","1":"product","2":"type-product","3":"status-publish","4":"has-post-thumbnail","6":"product_cat-art-prints","7":"product_tag-batman","8":"product_tag-comic","9":"product_tag-illustration","10":"product_tag-watercolour","11":"product_shipping_class-certificado","12":"desktop-align-center","13":"tablet-align-left","14":"mobile-align-left","16":"first","17":"instock","18":"taxable","19":"shipping-taxable","20":"purchasable","21":"product-type-variable"},"_links":{"self":[{"href":"https:\/\/narieletart.com\/en\/wp-json\/wp\/v2\/product\/1254","targetHints":{"allow":["GET"]}}],"collection":[{"href":"https:\/\/narieletart.com\/en\/wp-json\/wp\/v2\/product"}],"about":[{"href":"https:\/\/narieletart.com\/en\/wp-json\/wp\/v2\/types\/product"}],"replies":[{"embeddable":true,"href":"https:\/\/narieletart.com\/en\/wp-json\/wp\/v2\/comments?post=1254"}],"version-history":[{"count":0,"href":"https:\/\/narieletart.com\/en\/wp-json\/wp\/v2\/product\/1254\/revisions"}],"wp:featuredmedia":[{"embeddable":true,"href":"https:\/\/narieletart.com\/en\/wp-json\/wp\/v2\/media\/1301"}],"wp:attachment":[{"href":"https:\/\/narieletart.com\/en\/wp-json\/wp\/v2\/media?parent=1254"}],"wp:term":[{"taxonomy":"product_brand","embeddable":true,"href":"https:\/\/narieletart.com\/en\/wp-json\/wp\/v2\/product_brand?post=1254"},{"taxonomy":"product_cat","embeddable":true,"href":"https:\/\/narieletart.com\/en\/wp-json\/wp\/v2\/product_cat?post=1254"},{"taxonomy":"product_tag","embeddable":true,"href":"https:\/\/narieletart.com\/en\/wp-json\/wp\/v2\/product_tag?post=1254"}],"curies":[{"name":"wp","href":"https:\/\/api.w.org\/{rel}","templated":true}]}}