{"id":1248,"date":"2024-08-12T18:00:42","date_gmt":"2024-08-12T16:00:42","guid":{"rendered":"https:\/\/narieletart.com\/?post_type=product&#038;p=1248"},"modified":"2025-01-15T15:45:38","modified_gmt":"2025-01-15T14:45:38","slug":"forest-spirit-el-zorro-astado","status":"publish","type":"product","link":"https:\/\/narieletart.com\/en\/product\/forest-spirit-el-zorro-astado\/","title":{"rendered":"Forest spirit &#8211; el zorro astado"},"content":{"rendered":"<p><strong>Ideal para:<\/strong><\/p>\n<ul>\n<li>Amantes del simbolismo m\u00edstico y del arte wiccano<\/li>\n<li>Regalo para quienes aprecian lo sutil y lo espiritual<\/li>\n<\/ul>\n<p>LEE <span style=\"font-size: 16px;\">ATENTAMENTE LAS MEDIDAS:<\/span><\/p>\n<p>Tama\u00f1os disponibles:<br \/>\nDinA4 &#8211; 29&#8217;7x21cm &#8211; 8&#8243;x11&#8221; \/ DinA5 &#8212; 14.8x21cm &#8212; 5.8&#8243;x8.3&#8243;<br \/>\nFirmada a mano. Papel mate de 300 g de alta calidad.<br \/>\nEl color puede variar un poco seg\u00fan la configuraci\u00f3n de la pantalla.<\/p>\n<p>Nota: La ilustraci\u00f3n se env\u00eda sin marco, lo que le permite personalizar la presentaci\u00f3n seg\u00fan su estilo y preferencias.<\/p>\n<p>POR FAVOR, PROPORCIONE UN N\u00daMERO DE TEL\u00c9FONO CON SU PEDIDO PARA CONFIGURAR LA ENTREGA POR CORREO.<\/p>","protected":false},"excerpt":{"rendered":"<p>\ud83c\udf3b Esta es una ilustraci\u00f3n decorativa de un zorro cornudo, que representa un esp\u00edritu del bosque. Esta ilustraci\u00f3n es un regalo perfecto para un amigo pagano o wiccano. La ilustraci\u00f3n est\u00e1 hecha a mano por m\u00ed. Representa el esp\u00edritu del bosque encarnado por un zorro cornudo, rodeado de plantas, flores y hongos oto\u00f1ales.<\/p>","protected":false},"featured_media":1252,"comment_status":"open","ping_status":"closed","template":"","meta":{"_seopress_robots_primary_cat":"none","_seopress_titles_title":"%%post_title%% %%sep%% %%sitetitle%%","_seopress_titles_desc":"Ilustraci\u00f3n decorativa de un zorro astado, que representa un esp\u00edritu del bosque. Esta ilustraci\u00f3n es un regalo perfecto para un amigo pagano o wiccano. Representa el esp\u00edritu del bosque rodeado de plantas, flores y hongos oto\u00f1ales.","_seopress_robots_index":"","site-sidebar-layout":"default","site-content-layout":"","ast-site-content-layout":"default","site-content-style":"default","site-sidebar-style":"default","ast-global-header-display":"","ast-banner-title-visibility":"","ast-main-header-display":"","ast-hfb-above-header-display":"","ast-hfb-below-header-display":"","ast-hfb-mobile-header-display":"","site-post-title":"","ast-breadcrumbs-content":"","ast-featured-img":"","footer-sml-layout":"","ast-disable-related-posts":"","theme-transparent-header-meta":"default","adv-header-id-meta":"","stick-header-meta":"","header-above-stick-meta":"","header-main-stick-meta":"","header-below-stick-meta":"","astra-migrate-meta-layouts":"set","ast-page-background-enabled":"default","ast-page-background-meta":{"desktop":{"background-color":"var(--ast-global-color-4)","background-image":"","background-repeat":"repeat","background-position":"center center","background-size":"auto","background-attachment":"scroll","background-type":"","background-media":"","overlay-type":"","overlay-color":"","overlay-opacity":"","overlay-gradient":""},"tablet":{"background-color":"","background-image":"","background-repeat":"repeat","background-position":"center center","background-size":"auto","background-attachment":"scroll","background-type":"","background-media":"","overlay-type":"","overlay-color":"","overlay-opacity":"","overlay-gradient":""},"mobile":{"background-color":"","background-image":"","background-repeat":"repeat","background-position":"center center","background-size":"auto","background-attachment":"scroll","background-type":"","background-media":"","overlay-type":"","overlay-color":"","overlay-opacity":"","overlay-gradient":""}},"ast-content-background-meta":{"desktop":{"background-color":"var(--ast-global-color-5)","background-image":"","background-repeat":"repeat","background-position":"center center","background-size":"auto","background-attachment":"scroll","background-type":"","background-media":"","overlay-type":"","overlay-color":"","overlay-opacity":"","overlay-gradient":""},"tablet":{"background-color":"var(--ast-global-color-5)","background-image":"","background-repeat":"repeat","background-position":"center center","background-size":"auto","background-attachment":"scroll","background-type":"","background-media":"","overlay-type":"","overlay-color":"","overlay-opacity":"","overlay-gradient":""},"mobile":{"background-color":"var(--ast-global-color-5)","background-image":"","background-repeat":"repeat","background-position":"center center","background-size":"auto","background-attachment":"scroll","background-type":"","background-media":"","overlay-type":"","overlay-color":"","overlay-opacity":"","overlay-gradient":""}}},"product_brand":[],"product_cat":[19],"product_tag":[112,106,105,52,111,53,114,107,113],"class_list":{"0":"post-1248","1":"product","2":"type-product","3":"status-publish","4":"has-post-thumbnail","6":"product_cat-art-prints","7":"product_tag-espiritu-bosque","8":"product_tag-forest-spirit","9":"product_tag-fox","10":"product_tag-illustration","11":"product_tag-ilustracion","12":"product_tag-ink","13":"product_tag-tinta","14":"product_tag-wiccan","15":"product_tag-zorro","16":"product_shipping_class-certificado","17":"desktop-align-center","18":"tablet-align-left","19":"mobile-align-left","21":"first","22":"instock","23":"taxable","24":"shipping-taxable","25":"purchasable","26":"product-type-variable"},"_links":{"self":[{"href":"https:\/\/narieletart.com\/en\/wp-json\/wp\/v2\/product\/1248","targetHints":{"allow":["GET"]}}],"collection":[{"href":"https:\/\/narieletart.com\/en\/wp-json\/wp\/v2\/product"}],"about":[{"href":"https:\/\/narieletart.com\/en\/wp-json\/wp\/v2\/types\/product"}],"replies":[{"embeddable":true,"href":"https:\/\/narieletart.com\/en\/wp-json\/wp\/v2\/comments?post=1248"}],"version-history":[{"count":0,"href":"https:\/\/narieletart.com\/en\/wp-json\/wp\/v2\/product\/1248\/revisions"}],"wp:featuredmedia":[{"embeddable":true,"href":"https:\/\/narieletart.com\/en\/wp-json\/wp\/v2\/media\/1252"}],"wp:attachment":[{"href":"https:\/\/narieletart.com\/en\/wp-json\/wp\/v2\/media?parent=1248"}],"wp:term":[{"taxonomy":"product_brand","embeddable":true,"href":"https:\/\/narieletart.com\/en\/wp-json\/wp\/v2\/product_brand?post=1248"},{"taxonomy":"product_cat","embeddable":true,"href":"https:\/\/narieletart.com\/en\/wp-json\/wp\/v2\/product_cat?post=1248"},{"taxonomy":"product_tag","embeddable":true,"href":"https:\/\/narieletart.com\/en\/wp-json\/wp\/v2\/product_tag?post=1248"}],"curies":[{"name":"wp","href":"https:\/\/api.w.org\/{rel}","templated":true}]}}