{"id":1159,"date":"2024-07-23T19:25:26","date_gmt":"2024-07-23T17:25:26","guid":{"rendered":"https:\/\/narieletart.com\/product\/black-moonlight-dragonfly-pattern-bikini\/"},"modified":"2025-12-30T15:41:12","modified_gmt":"2025-12-30T14:41:12","slug":"blue-moonlight-dragonfly-pattern-bikini","status":"publish","type":"product","link":"https:\/\/narieletart.com\/en\/product\/blue-moonlight-dragonfly-pattern-bikini\/","title":{"rendered":"Blue moonlight dragonfly pattern bikini"},"content":{"rendered":"<p>Mantente c\u00f3moda y elegante todo el verano con este conjunto de bikini de tiras recicladas con estampado integral. Est\u00e1 hecho de poli\u00e9ster reciclado suave con doble capa y UPF 50+. \u00a1Estiliza las tiras como quieras y prep\u00e1rate para nadar!<\/p>\n<p>\u2022 Material suave y el\u00e1stico con UPF 50+<br \/>\n\u2022 Tallas hasta 6XL<br \/>\n\u2022 La parte superior del bikini viene con relleno extra\u00edble para mayor comodidad<br \/>\n\u2022 M\u00faltiples formas de atar y estilizar el conjunto de bikini<br \/>\n\u2022 Opciones de dise\u00f1o de color para el forro de los trajes de ba\u00f1o<\/p>\n<p>Descargos de responsabilidad:<br \/>\n\u2022 Debido a la construcci\u00f3n de 2 capas y las costuras internas, puede aparecer una puntada visible en la costura de la entrepierna de la parte inferior del bikini. Esto es una parte normal del proceso de fabricaci\u00f3n y no afecta la calidad ni el rendimiento del producto.<br \/>\n\u2022 Para que tu bikini de tiras recicladas con estampado integral dure m\u00e1s, enju\u00e1galo bien despu\u00e9s de cada uso y elimina cualquier residuo de cloro o sal.<\/p>\n<p>Este producto se fabrica especialmente para ti tan pronto como realizas un pedido, por eso nos lleva un poco m\u00e1s de tiempo entreg\u00e1rtelo. Fabricar productos a pedido en lugar de hacerlo en grandes cantidades ayuda a reducir la sobreproducci\u00f3n, as\u00ed que \u00a1gracias por tomar decisiones de compra acertadas!<\/p>","protected":false},"excerpt":{"rendered":"<p>Mantente c\u00f3moda y elegante todo el verano con este conjunto de bikini de tiras recicladas con estampado integral. Est\u00e1 hecho de poli\u00e9ster reciclado suave con doble capa y UPF 50+. \u00a1Estiliza las tiras como quieras y prep\u00e1rate para nadar! \u2022 Material suave y el\u00e1stico con UPF 50+ \u2022 Tallas hasta 6XL \u2022 La parte superior del bikini viene con relleno extra\u00edble para mayor comodidad \u2022 M\u00faltiples formas de atar y estilizar el conjunto de bikini \u2022 Opciones de dise\u00f1o de color para el forro de los trajes de ba\u00f1o Descargos de responsabilidad: \u2022 Debido a la construcci\u00f3n de 2 capas y las costuras internas, puede aparecer una puntada visible en la costura de la entrepierna de la parte inferior del bikini. Esto es una parte normal del proceso de fabricaci\u00f3n y no afecta la calidad ni el rendimiento del producto. \u2022 Para que tu bikini de tiras recicladas con estampado integral dure m\u00e1s, enju\u00e1galo bien despu\u00e9s de cada uso y elimina cualquier residuo de cloro o sal. Este producto se fabrica especialmente para ti tan pronto como realizas un pedido, por eso nos lleva un poco m\u00e1s de tiempo entreg\u00e1rtelo. Fabricar productos a pedido en lugar de hacerlo en grandes cantidades ayuda a reducir la sobreproducci\u00f3n, as\u00ed que \u00a1gracias por tomar decisiones de compra acertadas!<\/p>","protected":false},"featured_media":1173,"comment_status":"open","ping_status":"closed","template":"","meta":{"_seopress_robots_primary_cat":"none","_seopress_titles_title":"","_seopress_titles_desc":"Bikini boho wiccano con nuestro patron blue moonlight dragonfly. Bikini de tri\u00e1ngulo disponible hasta la talla 6XL.","_seopress_robots_index":"","site-sidebar-layout":"default","site-content-layout":"","ast-site-content-layout":"default","site-content-style":"default","site-sidebar-style":"default","ast-global-header-display":"","ast-banner-title-visibility":"","ast-main-header-display":"","ast-hfb-above-header-display":"","ast-hfb-below-header-display":"","ast-hfb-mobile-header-display":"","site-post-title":"","ast-breadcrumbs-content":"","ast-featured-img":"","footer-sml-layout":"","ast-disable-related-posts":"","theme-transparent-header-meta":"default","adv-header-id-meta":"","stick-header-meta":"","header-above-stick-meta":"","header-main-stick-meta":"","header-below-stick-meta":"","astra-migrate-meta-layouts":"set","ast-page-background-enabled":"default","ast-page-background-meta":{"desktop":{"background-color":"var(--ast-global-color-4)","background-image":"","background-repeat":"repeat","background-position":"center center","background-size":"auto","background-attachment":"scroll","background-type":"","background-media":"","overlay-type":"","overlay-color":"","overlay-opacity":"","overlay-gradient":""},"tablet":{"background-color":"","background-image":"","background-repeat":"repeat","background-position":"center center","background-size":"auto","background-attachment":"scroll","background-type":"","background-media":"","overlay-type":"","overlay-color":"","overlay-opacity":"","overlay-gradient":""},"mobile":{"background-color":"","background-image":"","background-repeat":"repeat","background-position":"center center","background-size":"auto","background-attachment":"scroll","background-type":"","background-media":"","overlay-type":"","overlay-color":"","overlay-opacity":"","overlay-gradient":""}},"ast-content-background-meta":{"desktop":{"background-color":"var(--ast-global-color-5)","background-image":"","background-repeat":"repeat","background-position":"center center","background-size":"auto","background-attachment":"scroll","background-type":"","background-media":"","overlay-type":"","overlay-color":"","overlay-opacity":"","overlay-gradient":""},"tablet":{"background-color":"var(--ast-global-color-5)","background-image":"","background-repeat":"repeat","background-position":"center center","background-size":"auto","background-attachment":"scroll","background-type":"","background-media":"","overlay-type":"","overlay-color":"","overlay-opacity":"","overlay-gradient":""},"mobile":{"background-color":"var(--ast-global-color-5)","background-image":"","background-repeat":"repeat","background-position":"center center","background-size":"auto","background-attachment":"scroll","background-type":"","background-media":"","overlay-type":"","overlay-color":"","overlay-opacity":"","overlay-gradient":""}}},"product_brand":[],"product_cat":[264],"product_tag":[86,84,83,82,87,85,88],"class_list":{"0":"post-1159","1":"product","2":"type-product","3":"status-publish","4":"has-post-thumbnail","6":"product_cat-swimwear","7":"product_tag-bikini","8":"product_tag-dragonfly","9":"product_tag-moon-phases","10":"product_tag-moonlight","11":"product_tag-pagan","12":"product_tag-pattern","13":"product_tag-wicca","14":"desktop-align-center","15":"tablet-align-left","16":"mobile-align-left","18":"first","19":"instock","20":"taxable","21":"shipping-taxable","22":"purchasable","23":"product-type-variable"},"_links":{"self":[{"href":"https:\/\/narieletart.com\/en\/wp-json\/wp\/v2\/product\/1159","targetHints":{"allow":["GET"]}}],"collection":[{"href":"https:\/\/narieletart.com\/en\/wp-json\/wp\/v2\/product"}],"about":[{"href":"https:\/\/narieletart.com\/en\/wp-json\/wp\/v2\/types\/product"}],"replies":[{"embeddable":true,"href":"https:\/\/narieletart.com\/en\/wp-json\/wp\/v2\/comments?post=1159"}],"version-history":[{"count":0,"href":"https:\/\/narieletart.com\/en\/wp-json\/wp\/v2\/product\/1159\/revisions"}],"wp:featuredmedia":[{"embeddable":true,"href":"https:\/\/narieletart.com\/en\/wp-json\/wp\/v2\/media\/1173"}],"wp:attachment":[{"href":"https:\/\/narieletart.com\/en\/wp-json\/wp\/v2\/media?parent=1159"}],"wp:term":[{"taxonomy":"product_brand","embeddable":true,"href":"https:\/\/narieletart.com\/en\/wp-json\/wp\/v2\/product_brand?post=1159"},{"taxonomy":"product_cat","embeddable":true,"href":"https:\/\/narieletart.com\/en\/wp-json\/wp\/v2\/product_cat?post=1159"},{"taxonomy":"product_tag","embeddable":true,"href":"https:\/\/narieletart.com\/en\/wp-json\/wp\/v2\/product_tag?post=1159"}],"curies":[{"name":"wp","href":"https:\/\/api.w.org\/{rel}","templated":true}]}}