{"id":622,"date":"2024-06-24T18:36:47","date_gmt":"2024-06-24T16:36:47","guid":{"rendered":"https:\/\/narieletart.com\/?page_id=622"},"modified":"2024-10-08T15:15:25","modified_gmt":"2024-10-08T13:15:25","slug":"condiciones-de-venta","status":"publish","type":"page","link":"https:\/\/narieletart.com\/en\/condiciones-de-venta\/","title":{"rendered":"Sales conditions"},"content":{"rendered":"<div data-elementor-type=\"wp-page\" data-elementor-id=\"622\" class=\"elementor elementor-622\">\n\t\t\t\t<div class=\"elementor-element elementor-element-7af81ef e-flex e-con-boxed wpr-jarallax-no e-con e-parent\" data-id=\"7af81ef\" data-element_type=\"container\" data-e-type=\"container\">\n\t\t\t\t\t<div class=\"e-con-inner\">\n\t\t\t\t<div class=\"elementor-element elementor-element-372093c elementor-widget elementor-widget-heading\" data-id=\"372093c\" data-element_type=\"widget\" data-e-type=\"widget\" data-widget_type=\"heading.default\">\n\t\t\t\t<div class=\"elementor-widget-container\">\n\t\t\t\t\t<h1 class=\"elementor-heading-title elementor-size-default\">Condiciones de Venta<\/h1>\t\t\t\t<\/div>\n\t\t\t\t<\/div>\n\t\t\t\t<div class=\"elementor-element elementor-element-75a6123 elementor-widget elementor-widget-text-editor\" data-id=\"75a6123\" data-element_type=\"widget\" data-e-type=\"widget\" data-widget_type=\"text-editor.default\">\n\t\t\t\t<div class=\"elementor-widget-container\">\n\t\t\t\t\t\t\t\t\t<p><span style=\"font-size: 16px;\">Si tienes alguna pregunta no dudes en preguntar. <\/span><span style=\"font-size: 16px;\">Intentaremos dar una respuesta lo antes posible. Si tiene alguna sugerencia, problemas con su compra o lo que sea, no dude en contactarnos.<\/span><\/p><div class=\"rte\"><div class=\"col-lg-9 mb-xs-2 mb-lg-4 bt-xs-1 bt-lg-0 pl-xs-0 pr-xs-0 pt-xs-2 pt-lg-0\"><div class=\"max-width-760px\"><div class=\"prose text-gray-lighter\" data-inplace-editable-text=\"policies_welcome\" data-endpoint=\"PolicyPost\" data-key=\"welcome\">Contacto: <a href=\"mailto:narieletart@gmail.com\">narieletart@gmail.com<\/a><\/div><div data-inplace-editable-text=\"policies_welcome\" data-endpoint=\"PolicyPost\" data-key=\"welcome\">\u00a0<\/div><p>\u00a0<\/p><h3 class=\"text-gray-lighter prose mb-xs-2\"><strong>M\u00e9todos de pago aceptados<\/strong><\/h3><p class=\"text-gray-lighter prose mb-xs-2\">Consulta nuestros m\u00e9todos de pago disponibles: Paypal, Visa, Google Pay.<\/p><h5>\u00a0<\/h5><h5><span style=\"font-size: 1.3em; font-weight: bold;\">Devoluciones y cambios<\/span><\/h5><\/div><\/div><div id=\"refunds\" class=\"shop-policies-section col-group bt-xs-1 bt-lg-0 pt-xs-2 pt-lg-0 pl-xs-0 pr-xs-0\"><div class=\"col-lg-9 pl-xs-0 pr-xs-0 bt-lg-1 pt-xs-2 pt-lg-4 mb-xs-2 mb-lg-4\"><div id=\"policies\" class=\"max-width-760px mb-xs-1\" data-structured-format=\"\" data-type=\"simple-returns\"><div data-policy-display=\"\"><div class=\"text-gray-lighter pb-xs-2 pl-xs-0\">Con mucho gusto aceptamos devoluciones, cambios y cancelaciones.<\/div><ul><li class=\"text-gray-lighter pb-xs-2 pl-xs-0\">P\u00f3ngase en contacto conmigo dentro de: 14 d\u00edas de la entrega<\/li><li class=\"text-gray-lighter pb-xs-2 pl-xs-0\">Enviar art\u00edculos de vuelta dentro de: 30 d\u00edas de la entrega<\/li><li class=\"text-gray-lighter pb-xs-6 pl-xs-0\">Solicitar una cancelaci\u00f3n dentro de: 6 horas de la compra<\/li><\/ul><div class=\"text-gray-lighter pb-xs-6 pl-xs-0\">Los gastos de env\u00edo de las devoluciones corren a cargo del cliente, salvo que la causa de la devoluci\u00f3n sea un producto defectuoso por nuestra parte.<\/div><div class=\"mb-xs-6 pl-xs-0\" data-region=\"policy-non-refundables\"><div class=\"text-gray-lighter prose mb-xs-1\">Los siguientes art\u00edculos no se pueden devolver ni cambiar debido a la naturaleza de estos art\u00edculos, a menos que lleguen da\u00f1ados o defectuosos, no puedo aceptar devoluciones de:<\/div><ul class=\"text-gray-lighter\"><li class=\"pt-xs-2\">Pedidos personalizados o personalizados<\/li><li class=\"pt-xs-2\">Art\u00edculos \u00edntimos, ba\u00f1adores y bikinis (por razones de salud\/higiene)<\/li><\/ul><\/div><\/div><div class=\"b pb-xs-2\" data-region=\"if-questions\">\u00a0<\/div><h3 class=\"b pb-xs-2\" data-region=\"if-questions\"><strong>Preguntas sobre tu pedido<\/strong><\/h3><div class=\"text-gray-lighter prose pb-xs-4\" data-region=\"if-questions\">P\u00f3ngase en contacto con nosotros si tiene alg\u00fan problema con las devoluciones de su pedido y los detalles del cambio.<\/div><\/div><ul><li class=\"text-gray-lighter prose pr-lg-8 mr-lg-6 mb-xs-0\" data-inplace-editable-text=\"refunds\" data-endpoint=\"PolicyPost\" data-key=\"refunds\">Cont\u00e1ctenos dentro de los 7 d\u00edas posteriores a la recepci\u00f3n del producto emitido. Si el error fue nuestro, le reembolsaremos el costo del art\u00edculo menos los gastos de env\u00edo. Le pediremos algunas fotos para ver el problema en su art\u00edculo.<\/li><li class=\"text-gray-lighter prose pr-lg-8 mr-lg-6 mb-xs-0\" data-inplace-editable-text=\"refunds\" data-endpoint=\"PolicyPost\" data-key=\"refunds\">Necesitamos que nos env\u00ede el producto antes de que lo reemplacemos o le reembolsemos su dinero.<\/li><li class=\"text-gray-lighter prose pr-lg-8 mr-lg-6 mb-xs-0\" data-inplace-editable-text=\"refunds\" data-endpoint=\"PolicyPost\" data-key=\"refunds\">No nos hacemos responsables si causa alg\u00fan da\u00f1o al producto.<\/li><\/ul><h5 data-inplace-editable-text=\"refunds\" data-endpoint=\"PolicyPost\" data-key=\"refunds\">\u00a0<\/h5><h5 data-inplace-editable-text=\"refunds\" data-endpoint=\"PolicyPost\" data-key=\"refunds\"><span style=\"font-size: 1.3em; font-weight: bold;\">Pago<\/span><\/h5><\/div><\/div><div id=\"payment\" class=\"shop-policies-section col-group bt-xs-1 bt-lg-0 pt-xs-2 pt-lg-0 pl-xs-0 pr-xs-0\"><div class=\"col-lg-9 pl-xs-0 pr-xs-0 bt-lg-1 pt-xs-2 pt-lg-4 mb-xs-2 mb-lg-4\"><ul><li class=\"text-gray-lighter prose pr-lg-8 mr-lg-6 mb-xs-0\" data-inplace-editable-text=\"payment\" data-endpoint=\"PolicyPost\" data-key=\"payment\">Puedes pagar a trav\u00e9s de Paypal o tarjeta de cr\u00e9dito, \u00a1f\u00e1cil, r\u00e1pido y seguro!\u00a0<\/li><li class=\"text-gray-lighter prose pr-lg-8 mr-lg-6 mb-xs-0\" data-inplace-editable-text=\"payment\" data-endpoint=\"PolicyPost\" data-key=\"payment\">NO se enviar\u00e1n pedidos no pagados.<\/li><\/ul><h5 data-inplace-editable-text=\"payment\" data-endpoint=\"PolicyPost\" data-key=\"payment\">\u00a0<\/h5><h5 data-inplace-editable-text=\"payment\" data-endpoint=\"PolicyPost\" data-key=\"payment\"><span style=\"font-size: 1.3em; font-weight: bold;\">Env\u00edo<\/span><\/h5><\/div><\/div><div id=\"shipping\" class=\"shop-policies-section col-group bt-xs-1 bt-lg-0 pt-xs-2 pt-lg-0 pl-xs-0 pr-xs-0\"><div class=\"col-lg-9 pl-xs-0 pr-xs-0 bt-lg-1 pt-xs-2 pt-lg-4 mb-xs-2 mb-lg-4\"><ul><li class=\"text-gray-lighter prose pr-lg-8 mr-lg-6 mb-xs-0\" data-inplace-editable-text=\"shipping\" data-endpoint=\"PolicyPost\" data-key=\"shipping\">Nuestros productos se env\u00edan a trav\u00e9s de Correos Espa\u00f1a (Espa\u00f1a) mediante env\u00edo certificado con n\u00famero de seguimiento.<\/li><li class=\"text-gray-lighter prose pr-lg-8 mr-lg-6 mb-xs-0\" data-inplace-editable-text=\"shipping\" data-endpoint=\"PolicyPost\" data-key=\"shipping\">Enviamos nuestros art\u00edculos lo antes posible. Si eres de fuera de Espa\u00f1a los tiempos ser\u00e1n m\u00e1s largos. Por favor, tened paciencia.<\/li><li class=\"text-gray-lighter prose pr-lg-8 mr-lg-6 mb-xs-0\" data-inplace-editable-text=\"shipping\" data-endpoint=\"PolicyPost\" data-key=\"shipping\">Por favor, tenga en cuenta al realizar su pedido que el clima, la temporada y otras circunstancias ajenas (como una pandemia) pueden producir retrasos en los env\u00edos y no son nuestra responsabilidad. Si tenemos alg\u00fan problema de retraso por nuestra parte, nos pondremos en contacto con usted lo antes posible.<\/li><li class=\"text-gray-lighter prose pr-lg-8 mr-lg-6 mb-xs-0\" data-inplace-editable-text=\"shipping\" data-endpoint=\"PolicyPost\" data-key=\"shipping\">Si quieres comprar un regalo, recuerda hacerlo con tiempo suficiente para recibirlo a tiempo. No podemos otorgar ninguna fecha de entrega espec\u00edfica.<\/li><li class=\"text-gray-lighter prose pr-lg-8 mr-lg-6 mb-xs-0\" data-inplace-editable-text=\"shipping\" data-endpoint=\"PolicyPost\" data-key=\"shipping\">Si no recibe su pedido en un periodo razonable, cont\u00e1ctenos para ayudarlo. Nuestro correo de atenci\u00f3n al cliente es <a href=\"mailto:narieletart@gmail.com\">narieletart@gmail.com<\/a><\/li><li class=\"text-gray-lighter prose pr-lg-8 mr-lg-6 mb-xs-0\" data-inplace-editable-text=\"shipping\" data-endpoint=\"PolicyPost\" data-key=\"shipping\">Enviamos a la direcci\u00f3n que aparece en su pedido a menos que nos contacte con otra direcci\u00f3n a trav\u00e9s de un mensaje o una nota en su compra, as\u00ed que aseg\u00farese de que su direcci\u00f3n est\u00e9 correcta y ACTUALIZADA.<\/li><li class=\"text-gray-lighter prose pr-lg-8 mr-lg-6 mb-xs-0\" data-inplace-editable-text=\"shipping\" data-endpoint=\"PolicyPost\" data-key=\"shipping\">No somos responsables de ning\u00fan impuesto de importaci\u00f3n internacional si es necesario. Esto puede aplicarse a pedidos desde fuera de Europa. Gracias por su comprensi\u00f3n.<\/li><\/ul><p>\u00a0<\/p><h3>Pol\u00edticas adicionales y preguntas frecuentes<\/h3><\/div><\/div><div id=\"additional\" class=\"shop-policies-section col-group bt-xs-1 bt-lg-0 pt-xs-2 pt-lg-0 pl-xs-0 pr-xs-0\"><div class=\"col-lg-9 pl-xs-0 pr-xs-0 bt-lg-1 pt-xs-2 pt-lg-4 mb-xs-2 mb-lg-4\"><ul><li class=\"text-gray-lighter prose pr-lg-8 mr-lg-6 mb-xs-0\" data-inplace-editable-text=\"additional\" data-endpoint=\"PolicyPost\" data-key=\"additional\">Algunos art\u00edculos de nuestra tienda est\u00e1n HECHOS A MANO, pueden tener algunas imperfecciones o defectos naturales.<\/li><li class=\"text-gray-lighter prose pr-lg-8 mr-lg-6 mb-xs-0\" data-inplace-editable-text=\"additional\" data-endpoint=\"PolicyPost\" data-key=\"additional\">\u00bfSe recibi\u00f3 un art\u00edculo da\u00f1ado o incorrecto? Env\u00edame un mensaje y te enviaremos otro sin cargo. Por favor, proporcione una foto, si corresponde. Los reemplazos se pueden hacer solo dentro de los 30 d\u00edas posteriores a la recepci\u00f3n de su art\u00edculo.<\/li><\/ul><\/div><\/div><\/div><p>\u00a0<\/p><hr \/><p>Gracias por comprar con nosotros. \u00a1Esperamos que disfrutes de nuestros productos!<\/p>\t\t\t\t\t\t\t\t<\/div>\n\t\t\t\t<\/div>\n\t\t\t\t\t<\/div>\n\t\t\t\t<\/div>\n\t\t\t\t<\/div>","protected":false},"excerpt":{"rendered":"<p>Condiciones de Venta Si tienes alguna pregunta no dudes en preguntar. Intentaremos dar una respuesta lo antes posible. Si tiene alguna sugerencia, problemas con su compra o lo que sea, no dude en contactarnos. Contacto: narieletart@gmail.com\u00a0 \u00a0 M\u00e9todos de pago aceptados Consulta nuestros m\u00e9todos de pago disponibles: Paypal, Visa, Google Pay. \u00a0 Devoluciones y cambios Con mucho gusto aceptamos devoluciones, cambios y cancelaciones. P\u00f3ngase en contacto conmigo dentro de: 14 d\u00edas de la entrega Enviar art\u00edculos de vuelta dentro de: 30 d\u00edas de la entrega Solicitar una cancelaci\u00f3n dentro de: 6 horas de la compra Los gastos de env\u00edo de las devoluciones corren a cargo del cliente, salvo que la causa de la devoluci\u00f3n sea un producto defectuoso por nuestra parte.Los siguientes art\u00edculos no se pueden devolver ni cambiar debido a la naturaleza de estos art\u00edculos, a menos que lleguen da\u00f1ados o defectuosos, no puedo aceptar devoluciones de: Pedidos personalizados o personalizados Art\u00edculos \u00edntimos, ba\u00f1adores y bikinis (por razones de salud\/higiene) \u00a0 Preguntas sobre tu pedido P\u00f3ngase en contacto con nosotros si tiene alg\u00fan problema con las devoluciones de su pedido y los detalles del cambio. Cont\u00e1ctenos dentro de los 7 d\u00edas posteriores a la recepci\u00f3n del producto emitido. Si el error fue nuestro, le reembolsaremos el costo del art\u00edculo menos los gastos de env\u00edo. Le pediremos algunas fotos para ver el problema en su art\u00edculo. Necesitamos que nos env\u00ede el producto antes de que lo reemplacemos o le reembolsemos su dinero. No nos hacemos responsables si causa alg\u00fan da\u00f1o al producto. \u00a0 Pago Puedes pagar a trav\u00e9s de Paypal o tarjeta de cr\u00e9dito, \u00a1f\u00e1cil, r\u00e1pido y seguro!\u00a0 NO se enviar\u00e1n pedidos no pagados. \u00a0 Env\u00edo Nuestros productos se env\u00edan a trav\u00e9s de Correos Espa\u00f1a (Espa\u00f1a) mediante env\u00edo certificado con n\u00famero de seguimiento. Enviamos nuestros art\u00edculos lo antes posible. Si eres de fuera de Espa\u00f1a los tiempos ser\u00e1n m\u00e1s largos. Por favor, tened paciencia. Por favor, tenga en cuenta al realizar su pedido que el clima, la temporada y otras circunstancias ajenas (como una pandemia) pueden producir retrasos en los env\u00edos y no son nuestra responsabilidad. Si tenemos alg\u00fan problema de retraso por nuestra parte, nos pondremos en contacto con usted lo antes posible. Si quieres comprar un regalo, recuerda hacerlo con tiempo suficiente para recibirlo a tiempo. No podemos otorgar ninguna fecha de entrega espec\u00edfica. Si no recibe su pedido en un periodo razonable, cont\u00e1ctenos para ayudarlo. Nuestro correo de atenci\u00f3n al cliente es narieletart@gmail.com Enviamos a la direcci\u00f3n que aparece en su pedido a menos que nos contacte con otra direcci\u00f3n a trav\u00e9s de un mensaje o una nota en su compra, as\u00ed que aseg\u00farese de que su direcci\u00f3n est\u00e9 correcta y ACTUALIZADA. No somos responsables de ning\u00fan impuesto de importaci\u00f3n internacional si es necesario. Esto puede aplicarse a pedidos desde fuera de Europa. Gracias por su comprensi\u00f3n. \u00a0 Pol\u00edticas adicionales y preguntas frecuentes Algunos art\u00edculos de nuestra tienda est\u00e1n HECHOS A MANO, pueden tener algunas imperfecciones o defectos naturales. \u00bfSe recibi\u00f3 un art\u00edculo da\u00f1ado o incorrecto? Env\u00edame un mensaje y te enviaremos otro sin cargo. Por favor, proporcione una foto, si corresponde. Los reemplazos se pueden hacer solo dentro de los 30 d\u00edas posteriores a la recepci\u00f3n de su art\u00edculo. \u00a0 Gracias por comprar con nosotros. \u00a1Esperamos que disfrutes de nuestros productos!<\/p>","protected":false},"author":1,"featured_media":0,"parent":0,"menu_order":0,"comment_status":"closed","ping_status":"closed","template":"","meta":{"_seopress_robots_primary_cat":"","_seopress_titles_title":"","_seopress_titles_desc":"","_seopress_robots_index":"","site-sidebar-layout":"no-sidebar","site-content-layout":"","ast-site-content-layout":"full-width-container","site-content-style":"default","site-sidebar-style":"default","ast-global-header-display":"","ast-banner-title-visibility":"","ast-main-header-display":"","ast-hfb-above-header-display":"","ast-hfb-below-header-display":"","ast-hfb-mobile-header-display":"","site-post-title":"disabled","ast-breadcrumbs-content":"","ast-featured-img":"disabled","footer-sml-layout":"","ast-disable-related-posts":"","theme-transparent-header-meta":"","adv-header-id-meta":"","stick-header-meta":"","header-above-stick-meta":"","header-main-stick-meta":"","header-below-stick-meta":"","astra-migrate-meta-layouts":"default","ast-page-background-enabled":"default","ast-page-background-meta":{"desktop":{"background-color":"var(--ast-global-color-4)","background-image":"","background-repeat":"repeat","background-position":"center center","background-size":"auto","background-attachment":"scroll","background-type":"","background-media":"","overlay-type":"","overlay-color":"","overlay-opacity":"","overlay-gradient":""},"tablet":{"background-color":"","background-image":"","background-repeat":"repeat","background-position":"center center","background-size":"auto","background-attachment":"scroll","background-type":"","background-media":"","overlay-type":"","overlay-color":"","overlay-opacity":"","overlay-gradient":""},"mobile":{"background-color":"","background-image":"","background-repeat":"repeat","background-position":"center center","background-size":"auto","background-attachment":"scroll","background-type":"","background-media":"","overlay-type":"","overlay-color":"","overlay-opacity":"","overlay-gradient":""}},"ast-content-background-meta":{"desktop":{"background-color":"var(--ast-global-color-5)","background-image":"","background-repeat":"repeat","background-position":"center center","background-size":"auto","background-attachment":"scroll","background-type":"","background-media":"","overlay-type":"","overlay-color":"","overlay-opacity":"","overlay-gradient":""},"tablet":{"background-color":"var(--ast-global-color-5)","background-image":"","background-repeat":"repeat","background-position":"center center","background-size":"auto","background-attachment":"scroll","background-type":"","background-media":"","overlay-type":"","overlay-color":"","overlay-opacity":"","overlay-gradient":""},"mobile":{"background-color":"var(--ast-global-color-5)","background-image":"","background-repeat":"repeat","background-position":"center center","background-size":"auto","background-attachment":"scroll","background-type":"","background-media":"","overlay-type":"","overlay-color":"","overlay-opacity":"","overlay-gradient":""}},"footnotes":""},"class_list":["post-622","page","type-page","status-publish"],"_links":{"self":[{"href":"https:\/\/narieletart.com\/en\/wp-json\/wp\/v2\/pages\/622","targetHints":{"allow":["GET"]}}],"collection":[{"href":"https:\/\/narieletart.com\/en\/wp-json\/wp\/v2\/pages"}],"about":[{"href":"https:\/\/narieletart.com\/en\/wp-json\/wp\/v2\/types\/page"}],"author":[{"embeddable":true,"href":"https:\/\/narieletart.com\/en\/wp-json\/wp\/v2\/users\/1"}],"replies":[{"embeddable":true,"href":"https:\/\/narieletart.com\/en\/wp-json\/wp\/v2\/comments?post=622"}],"version-history":[{"count":0,"href":"https:\/\/narieletart.com\/en\/wp-json\/wp\/v2\/pages\/622\/revisions"}],"wp:attachment":[{"href":"https:\/\/narieletart.com\/en\/wp-json\/wp\/v2\/media?parent=622"}],"curies":[{"name":"wp","href":"https:\/\/api.w.org\/{rel}","templated":true}]}}